{"id":15,"date":"2025-08-25T10:52:25","date_gmt":"2025-08-25T13:52:25","guid":{"rendered":"https:\/\/desenvolveaqui.com.br\/calandra\/my-account\/"},"modified":"2025-08-27T11:22:51","modified_gmt":"2025-08-27T14:22:51","slug":"minha-conta","status":"publish","type":"page","link":"https:\/\/desenvolveaqui.com.br\/calandra\/minha-conta\/","title":{"rendered":"Minha Conta"},"content":{"rendered":"\t\t<div data-elementor-type=\"wp-page\" data-elementor-id=\"15\" class=\"elementor elementor-15\" data-elementor-post-type=\"page\">\n\t\t\t\t<div class=\"elementor-element elementor-element-8c76e4d e-flex e-con-boxed e-con e-parent\" data-id=\"8c76e4d\" data-element_type=\"container\" data-settings=\"{&quot;background_background&quot;:&quot;classic&quot;}\">\n\t\t\t\t\t<div class=\"e-con-inner\">\n\t\t\t\t<div class=\"elementor-element elementor-element-6ecfb675 text-center elementor-invisible elementor-widget elementor-widget-tp-heading-title\" data-id=\"6ecfb675\" data-element_type=\"widget\" data-settings=\"{&quot;_animation&quot;:&quot;slideInUp&quot;}\" data-widget_type=\"tp-heading-title.default\">\n\t\t\t\t\t<div class=\"heading heading_style heading_style69d44ceb18bde style-1 \" ><div class=\"sub-style\" ><div class=\"head-title \" > <h3  class=\"heading-title   \"  data-hover=\"Minha Conta\">Minha Conta<span class=\"title-s \">  <\/span><\/h3><\/div><\/div><\/div>\t\t\t\t<\/div>\n\t\t\t\t\t<\/div>\n\t\t\t\t<\/div>\n\t\t<div class=\"elementor-element elementor-element-18126994 e-flex e-con-boxed e-con e-parent\" data-id=\"18126994\" data-element_type=\"container\">\n\t\t\t\t\t<div class=\"e-con-inner\">\n\t\t\t\t<div class=\"elementor-element elementor-element-78b8b82f e-my-account-tabs-vertical elementor-widget elementor-widget-woocommerce-my-account\" data-id=\"78b8b82f\" data-element_type=\"widget\" data-widget_type=\"woocommerce-my-account.default\">\n\t\t\t\t\t<div class=\"e-my-account-tab e-my-account-tab__ \">\t\t\t<div class=\"woocommerce\"><\/div>\t\t<\/div>\n\t\t\t\t\t\t<\/div>\n\t\t\t\t\t<\/div>\n\t\t\t\t<\/div>\n\t\t\t\t<\/div>\n\t\t","protected":false},"excerpt":{"rendered":"<p>Minha Conta Painel Compras Downloads Endere\u00e7os Detalhes da conta Sa\u00edr Ol\u00e1, @ddfdkcdDsi3oioA@ (n\u00e3o \u00e9 @ddfdkcdDsi3oioA@? Sair) A partir do painel de controle de sua conta, voc\u00ea pode ver suas compras recentes, gerenciar seus endere\u00e7os de entrega e cobran\u00e7a, e editar sua senha e detalhes da conta.<\/p>\n","protected":false},"author":1,"featured_media":0,"parent":0,"menu_order":0,"comment_status":"closed","ping_status":"closed","template":"","meta":{"footnotes":""},"class_list":["post-15","page","type-page","status-publish","hentry"],"_links":{"self":[{"href":"https:\/\/desenvolveaqui.com.br\/calandra\/wp-json\/wp\/v2\/pages\/15","targetHints":{"allow":["GET"]}}],"collection":[{"href":"https:\/\/desenvolveaqui.com.br\/calandra\/wp-json\/wp\/v2\/pages"}],"about":[{"href":"https:\/\/desenvolveaqui.com.br\/calandra\/wp-json\/wp\/v2\/types\/page"}],"author":[{"embeddable":true,"href":"https:\/\/desenvolveaqui.com.br\/calandra\/wp-json\/wp\/v2\/users\/1"}],"replies":[{"embeddable":true,"href":"https:\/\/desenvolveaqui.com.br\/calandra\/wp-json\/wp\/v2\/comments?post=15"}],"version-history":[{"count":16,"href":"https:\/\/desenvolveaqui.com.br\/calandra\/wp-json\/wp\/v2\/pages\/15\/revisions"}],"predecessor-version":[{"id":297,"href":"https:\/\/desenvolveaqui.com.br\/calandra\/wp-json\/wp\/v2\/pages\/15\/revisions\/297"}],"wp:attachment":[{"href":"https:\/\/desenvolveaqui.com.br\/calandra\/wp-json\/wp\/v2\/media?parent=15"}],"curies":[{"name":"wp","href":"https:\/\/api.w.org\/{rel}","templated":true}]}}