{"id":624,"date":"2025-09-17T09:36:48","date_gmt":"2025-09-17T12:36:48","guid":{"rendered":"https:\/\/desenvolveaqui.com.br\/calandra\/?page_id=624"},"modified":"2025-09-17T10:02:18","modified_gmt":"2025-09-17T13:02:18","slug":"politica-de-privacidade-2","status":"publish","type":"page","link":"https:\/\/desenvolveaqui.com.br\/calandra\/politica-de-privacidade-2\/","title":{"rendered":"Pol\u00edtica de Privacidade"},"content":{"rendered":"\t\t<div data-elementor-type=\"wp-page\" data-elementor-id=\"624\" class=\"elementor elementor-624\" data-elementor-post-type=\"page\">\n\t\t\t\t<div class=\"elementor-element elementor-element-89d7bb1 e-flex e-con-boxed e-con e-parent\" data-id=\"89d7bb1\" data-element_type=\"container\" data-settings=\"{&quot;background_background&quot;:&quot;classic&quot;}\">\n\t\t\t\t\t<div class=\"e-con-inner\">\n\t\t\t\t<div class=\"elementor-element elementor-element-82b5a85 text-center elementor-invisible elementor-widget elementor-widget-tp-heading-title\" data-id=\"82b5a85\" data-element_type=\"widget\" data-settings=\"{&quot;_animation&quot;:&quot;slideInUp&quot;}\" data-widget_type=\"tp-heading-title.default\">\n\t\t\t\t\t<div class=\"heading heading_style heading_style69d4514fbc14b style-1 \" ><div class=\"sub-style\" ><div class=\"head-title \" > <h3  class=\"heading-title   \"  data-hover=\"Pol\u00edtica de Privacidade\">Pol\u00edtica de Privacidade<span class=\"title-s \">  <\/span><\/h3><\/div><\/div><\/div>\t\t\t\t<\/div>\n\t\t\t\t\t<\/div>\n\t\t\t\t<\/div>\n\t\t<div class=\"elementor-element elementor-element-590f672 e-flex e-con-boxed e-con e-parent\" data-id=\"590f672\" data-element_type=\"container\">\n\t\t\t\t\t<div class=\"e-con-inner\">\n\t\t<div class=\"elementor-element elementor-element-c72add7 e-con-full e-flex e-con e-child\" data-id=\"c72add7\" data-element_type=\"container\">\n\t\t\t\t<div class=\"elementor-element elementor-element-7abd413 elementor-widget elementor-widget-tp-heading-title\" data-id=\"7abd413\" data-element_type=\"widget\" data-widget_type=\"tp-heading-title.default\">\n\t\t\t\t\t<div class=\"heading heading_style heading_style69d4514fbc461 style-1 \" ><div class=\"sub-style\" ><div class=\"head-title \" > <h2  class=\"heading-title   \"  data-hover=\"Aten\u00e7\u00e3o!\">Aten\u00e7\u00e3o!<span class=\"title-s \">  <\/span><\/h2><\/div><\/div><\/div>\t\t\t\t<\/div>\n\t\t\t\t<div class=\"elementor-element elementor-element-f827b88 elementor-widget elementor-widget-tp-adv-text-block\" data-id=\"f827b88\" data-element_type=\"widget\" data-widget_type=\"tp-adv-text-block.default\">\n\t\t\t\t\t<div class=\"pt-plus-text-block-wrapper\" ><div class=\"text_block_parallax\"><div class=\"pt_plus_adv_text_block \" ><div class=\"text-content-block\"><p>A loja virtual da Casa da Calandra \u00e9 uma loja \u00fanica e n\u00e3o possui filiais na internet com outros nomes.<\/p><\/div><\/div><\/div><\/div>\t\t\t\t<\/div>\n\t\t\t\t<div class=\"elementor-element elementor-element-d4ba4ca elementor-widget elementor-widget-tp-adv-text-block\" data-id=\"d4ba4ca\" data-element_type=\"widget\" data-widget_type=\"tp-adv-text-block.default\">\n\t\t\t\t\t<div class=\"pt-plus-text-block-wrapper\" ><div class=\"text_block_parallax\"><div class=\"pt_plus_adv_text_block \" ><div class=\"text-content-block\"><p><strong>Compra Segura<\/strong><\/p><p>A Casa da Calandra tem um especial compromisso com voc\u00ea, nosso cliente, quanto \u00e0 seguran\u00e7a e privacidade de seus dados. O respeito ao cliente e o sigilo de suas informa\u00e7\u00f5es \u00e9 muito importante para n\u00f3s. Por isso, voc\u00ea, cliente da Casa da Calandra, tem a garantia que sua compra \u00e9 segura.<\/p><p>A Casa da Calandra em parceria com a KingHost elaborou um conjunto de a\u00e7\u00f5es para garantir a seguran\u00e7a de todas as compras feitas em nossa loja, independentemente da forma de pagamento escolhida. Todas as informa\u00e7\u00f5es que voc\u00ea fornecer no processo de compra s\u00e3o totalmente criptografadas.<\/p><\/div><\/div><\/div><\/div>\t\t\t\t<\/div>\n\t\t\t\t<div class=\"elementor-element elementor-element-39052ac elementor-widget elementor-widget-tp-adv-text-block\" data-id=\"39052ac\" data-element_type=\"widget\" data-widget_type=\"tp-adv-text-block.default\">\n\t\t\t\t\t<div class=\"pt-plus-text-block-wrapper\" ><div class=\"text_block_parallax\"><div class=\"pt_plus_adv_text_block \" ><div class=\"text-content-block\"><p><strong>Criptografia<\/strong><\/p><p>Todas as informa\u00e7\u00f5es que passam pelo nosso processo de compra s\u00e3o automaticamente codificadas por um sistema de criptografia pr\u00f3prio. Assim, seus dados pessoais, a forma de pagamento escolhida e toda e qualquer outra informa\u00e7\u00e3o fornecida \u00e0 XXXXXXXXX, ser\u00e1 mantida em sigilo. O \u00edcone 'cadeado fechado' - na parte inferior do seu monitor - durante o pedido \u00e9 um s\u00edmbolo da criptografia das informa\u00e7\u00f5es.<\/p><\/div><\/div><\/div><\/div>\t\t\t\t<\/div>\n\t\t\t\t<div class=\"elementor-element elementor-element-440a4cd elementor-widget elementor-widget-tp-adv-text-block\" data-id=\"440a4cd\" data-element_type=\"widget\" data-widget_type=\"tp-adv-text-block.default\">\n\t\t\t\t\t<div class=\"pt-plus-text-block-wrapper\" ><div class=\"text_block_parallax\"><div class=\"pt_plus_adv_text_block \" ><div class=\"text-content-block\"><p><strong>Compras com Cart\u00e3o de Cr\u00e9dito<\/strong><\/p><p>Al\u00e9m da criptografia, outro fator de seguran\u00e7a \u00e9 a autom\u00e1tica destrui\u00e7\u00e3o dos dados relativos ao n\u00famero do cart\u00e3o de cr\u00e9dito. A Casa da Calandra utiliza o n\u00famero do cart\u00e3o somente no processamento da compra e, t\u00e3o logo ocorra a confirma\u00e7\u00e3o pela administradora do cart\u00e3o, o n\u00famero \u00e9 automaticamente destru\u00eddo, n\u00e3o sendo, de nenhuma forma, guardado na base de dados da Casa da Calandra.<\/p><\/div><\/div><\/div><\/div>\t\t\t\t<\/div>\n\t\t\t\t<div class=\"elementor-element elementor-element-b6dcf99 elementor-widget elementor-widget-tp-adv-text-block\" data-id=\"b6dcf99\" data-element_type=\"widget\" data-widget_type=\"tp-adv-text-block.default\">\n\t\t\t\t\t<div class=\"pt-plus-text-block-wrapper\" ><div class=\"text_block_parallax\"><div class=\"pt_plus_adv_text_block \" ><div class=\"text-content-block\"><p><strong>Utiliza\u00e7\u00e3o de Informa\u00e7\u00f5es<\/strong><\/p><p>A Casa da Calandra n\u00e3o comercializar\u00e1 suas informa\u00e7\u00f5es pessoais. Tais informa\u00e7\u00f5es poder\u00e3o, entretanto, ser agrupadas conforme determinados crit\u00e9rios e utilizadas como estat\u00edsticas gen\u00e9ricas objetivando um melhor entendimento do perfil do consumidor.<\/p><\/div><\/div><\/div><\/div>\t\t\t\t<\/div>\n\t\t\t\t<div class=\"elementor-element elementor-element-0b2ee56 elementor-position-left elementor-view-default elementor-mobile-position-top elementor-widget elementor-widget-icon-box\" data-id=\"0b2ee56\" data-element_type=\"widget\" data-widget_type=\"icon-box.default\">\n\t\t\t\t\t\t\t<div class=\"elementor-icon-box-wrapper\">\n\n\t\t\t\t\t\t<div class=\"elementor-icon-box-icon\">\n\t\t\t\t<span  class=\"elementor-icon\">\n\t\t\t\t<i aria-hidden=\"true\" class=\" ti-comments\"><\/i>\t\t\t\t<\/span>\n\t\t\t<\/div>\n\t\t\t\n\t\t\t\t\t\t<div class=\"elementor-icon-box-content\">\n\n\t\t\t\t\t\t\t\t\t<h3 class=\"elementor-icon-box-title\">\n\t\t\t\t\t\t<span  >\n\t\t\t\t\t\t\tPrecisa de ajuda?\t\t\t\t\t\t<\/span>\n\t\t\t\t\t<\/h3>\n\t\t\t\t\n\t\t\t\t\t\t\t\t\t<p class=\"elementor-icon-box-description\">\n\t\t\t\t\t\t41-3402-2698<\/br>\n\n41-8417-2707 WhatsApp<\/br> \n\nvendas@casadacalandra.com.br\t\t\t\t\t<\/p>\n\t\t\t\t\n\t\t\t<\/div>\n\t\t\t\n\t\t<\/div>\n\t\t\t\t\t\t<\/div>\n\t\t\t\t<\/div>\n\t\t\t\t\t<\/div>\n\t\t\t\t<\/div>\n\t\t\t\t<\/div>\n\t\t","protected":false},"excerpt":{"rendered":"<p>Aten\u00e7\u00e3o! A loja virtual da Casa da Calandra \u00e9 uma loja \u00fanica e n\u00e3o possui filiais na internet com outros nomes. Compra Segura A Casa da Calandra tem um especial compromisso com voc\u00ea, nosso cliente, quanto \u00e0 seguran\u00e7a e privacidade de seus dados. O respeito ao cliente e o sigilo de suas informa\u00e7\u00f5es \u00e9 muito [&hellip;]<\/p>\n","protected":false},"author":1,"featured_media":0,"parent":0,"menu_order":0,"comment_status":"closed","ping_status":"closed","template":"","meta":{"footnotes":""},"class_list":["post-624","page","type-page","status-publish","hentry"],"_links":{"self":[{"href":"https:\/\/desenvolveaqui.com.br\/calandra\/wp-json\/wp\/v2\/pages\/624","targetHints":{"allow":["GET"]}}],"collection":[{"href":"https:\/\/desenvolveaqui.com.br\/calandra\/wp-json\/wp\/v2\/pages"}],"about":[{"href":"https:\/\/desenvolveaqui.com.br\/calandra\/wp-json\/wp\/v2\/types\/page"}],"author":[{"embeddable":true,"href":"https:\/\/desenvolveaqui.com.br\/calandra\/wp-json\/wp\/v2\/users\/1"}],"replies":[{"embeddable":true,"href":"https:\/\/desenvolveaqui.com.br\/calandra\/wp-json\/wp\/v2\/comments?post=624"}],"version-history":[{"count":10,"href":"https:\/\/desenvolveaqui.com.br\/calandra\/wp-json\/wp\/v2\/pages\/624\/revisions"}],"predecessor-version":[{"id":662,"href":"https:\/\/desenvolveaqui.com.br\/calandra\/wp-json\/wp\/v2\/pages\/624\/revisions\/662"}],"wp:attachment":[{"href":"https:\/\/desenvolveaqui.com.br\/calandra\/wp-json\/wp\/v2\/media?parent=624"}],"curies":[{"name":"wp","href":"https:\/\/api.w.org\/{rel}","templated":true}]}}