{"id":632,"date":"2025-09-17T09:44:23","date_gmt":"2025-09-17T12:44:23","guid":{"rendered":"https:\/\/desenvolveaqui.com.br\/calandra\/?page_id=632"},"modified":"2025-09-17T09:45:46","modified_gmt":"2025-09-17T12:45:46","slug":"entregas","status":"publish","type":"page","link":"https:\/\/desenvolveaqui.com.br\/calandra\/entregas\/","title":{"rendered":"Entregas"},"content":{"rendered":"\t\t<div data-elementor-type=\"wp-page\" data-elementor-id=\"632\" class=\"elementor elementor-632\" data-elementor-post-type=\"page\">\n\t\t\t\t<div class=\"elementor-element elementor-element-5bd30ec e-flex e-con-boxed e-con e-parent\" data-id=\"5bd30ec\" data-element_type=\"container\" data-settings=\"{&quot;background_background&quot;:&quot;classic&quot;}\">\n\t\t\t\t\t<div class=\"e-con-inner\">\n\t\t\t\t<div class=\"elementor-element elementor-element-7027adb text-center elementor-invisible elementor-widget elementor-widget-tp-heading-title\" data-id=\"7027adb\" data-element_type=\"widget\" data-settings=\"{&quot;_animation&quot;:&quot;slideInUp&quot;}\" data-widget_type=\"tp-heading-title.default\">\n\t\t\t\t\t<div class=\"heading heading_style heading_style69d4510a2b057 style-1 \" ><div class=\"sub-style\" ><div class=\"head-title \" > <h3  class=\"heading-title   \"  data-hover=\"Entregas\">Entregas<span class=\"title-s \">  <\/span><\/h3><\/div><\/div><\/div>\t\t\t\t<\/div>\n\t\t\t\t\t<\/div>\n\t\t\t\t<\/div>\n\t\t<div class=\"elementor-element elementor-element-badbe3f e-flex e-con-boxed e-con e-parent\" data-id=\"badbe3f\" data-element_type=\"container\">\n\t\t\t\t\t<div class=\"e-con-inner\">\n\t\t<div class=\"elementor-element elementor-element-89ba380 e-con-full e-flex e-con e-child\" data-id=\"89ba380\" data-element_type=\"container\">\n\t\t\t\t<div class=\"elementor-element elementor-element-c01eade elementor-widget elementor-widget-tp-heading-title\" data-id=\"c01eade\" data-element_type=\"widget\" data-widget_type=\"tp-heading-title.default\">\n\t\t\t\t\t<div class=\"heading heading_style heading_style69d4510a2b4ae style-1 \" ><div class=\"sub-style\" ><div class=\"head-title \" > <h2  class=\"heading-title   \"  data-hover=\"Como funciona!\">Como funciona!<span class=\"title-s \">  <\/span><\/h2><\/div><\/div><\/div>\t\t\t\t<\/div>\n\t\t\t\t<div class=\"elementor-element elementor-element-dadd832 elementor-widget elementor-widget-tp-adv-text-block\" data-id=\"dadd832\" data-element_type=\"widget\" data-widget_type=\"tp-adv-text-block.default\">\n\t\t\t\t\t<div class=\"pt-plus-text-block-wrapper\" ><div class=\"text_block_parallax\"><div class=\"pt_plus_adv_text_block \" ><div class=\"text-content-block\"><p>As entregas dos produtos comprados na Casa da Calandra, s\u00e3o por conta do cliente.<\/p><p>Solicite a cota\u00e7\u00e3o do valor do envio para a sua regi\u00e3o atrav\u00e9s do fone: 41 3402-2698<\/p><\/div><\/div><\/div><\/div>\t\t\t\t<\/div>\n\t\t\t\t<div class=\"elementor-element elementor-element-012aba8 elementor-position-left elementor-view-default elementor-mobile-position-top elementor-widget elementor-widget-icon-box\" data-id=\"012aba8\" data-element_type=\"widget\" data-widget_type=\"icon-box.default\">\n\t\t\t\t\t\t\t<div class=\"elementor-icon-box-wrapper\">\n\n\t\t\t\t\t\t<div class=\"elementor-icon-box-icon\">\n\t\t\t\t<span  class=\"elementor-icon\">\n\t\t\t\t<i aria-hidden=\"true\" class=\" ti-comments\"><\/i>\t\t\t\t<\/span>\n\t\t\t<\/div>\n\t\t\t\n\t\t\t\t\t\t<div class=\"elementor-icon-box-content\">\n\n\t\t\t\t\t\t\t\t\t<h3 class=\"elementor-icon-box-title\">\n\t\t\t\t\t\t<span  >\n\t\t\t\t\t\t\tPrecisa de ajuda?\t\t\t\t\t\t<\/span>\n\t\t\t\t\t<\/h3>\n\t\t\t\t\n\t\t\t\t\t\t\t\t\t<p class=\"elementor-icon-box-description\">\n\t\t\t\t\t\t41-3402-2698<\/br>\n\n41-8417-2707 WhatsApp<\/br> \n\nvendas@casadacalandra.com.br\t\t\t\t\t<\/p>\n\t\t\t\t\n\t\t\t<\/div>\n\t\t\t\n\t\t<\/div>\n\t\t\t\t\t\t<\/div>\n\t\t\t\t<\/div>\n\t\t\t\t\t<\/div>\n\t\t\t\t<\/div>\n\t\t\t\t<\/div>\n\t\t","protected":false},"excerpt":{"rendered":"<p>Como funciona! As entregas dos produtos comprados na Casa da Calandra, s\u00e3o por conta do cliente. Solicite a cota\u00e7\u00e3o do valor do envio para a sua regi\u00e3o atrav\u00e9s do fone: 41 3402-2698 Precisa de ajuda? 41-3402-2698 41-8417-2707 WhatsApp vendas@casadacalandra.com.br<\/p>\n","protected":false},"author":1,"featured_media":0,"parent":0,"menu_order":0,"comment_status":"closed","ping_status":"closed","template":"","meta":{"footnotes":""},"class_list":["post-632","page","type-page","status-publish","hentry"],"_links":{"self":[{"href":"https:\/\/desenvolveaqui.com.br\/calandra\/wp-json\/wp\/v2\/pages\/632","targetHints":{"allow":["GET"]}}],"collection":[{"href":"https:\/\/desenvolveaqui.com.br\/calandra\/wp-json\/wp\/v2\/pages"}],"about":[{"href":"https:\/\/desenvolveaqui.com.br\/calandra\/wp-json\/wp\/v2\/types\/page"}],"author":[{"embeddable":true,"href":"https:\/\/desenvolveaqui.com.br\/calandra\/wp-json\/wp\/v2\/users\/1"}],"replies":[{"embeddable":true,"href":"https:\/\/desenvolveaqui.com.br\/calandra\/wp-json\/wp\/v2\/comments?post=632"}],"version-history":[{"count":7,"href":"https:\/\/desenvolveaqui.com.br\/calandra\/wp-json\/wp\/v2\/pages\/632\/revisions"}],"predecessor-version":[{"id":639,"href":"https:\/\/desenvolveaqui.com.br\/calandra\/wp-json\/wp\/v2\/pages\/632\/revisions\/639"}],"wp:attachment":[{"href":"https:\/\/desenvolveaqui.com.br\/calandra\/wp-json\/wp\/v2\/media?parent=632"}],"curies":[{"name":"wp","href":"https:\/\/api.w.org\/{rel}","templated":true}]}}