{"id":641,"date":"2025-09-17T09:48:27","date_gmt":"2025-09-17T12:48:27","guid":{"rendered":"https:\/\/desenvolveaqui.com.br\/calandra\/?page_id=641"},"modified":"2025-09-17T09:56:56","modified_gmt":"2025-09-17T12:56:56","slug":"pagamentos","status":"publish","type":"page","link":"https:\/\/desenvolveaqui.com.br\/calandra\/pagamentos\/","title":{"rendered":"Pagamentos"},"content":{"rendered":"\t\t<div data-elementor-type=\"wp-page\" data-elementor-id=\"641\" class=\"elementor elementor-641\" data-elementor-post-type=\"page\">\n\t\t\t\t<div class=\"elementor-element elementor-element-f2cdc20 e-flex e-con-boxed e-con e-parent\" data-id=\"f2cdc20\" data-element_type=\"container\" data-settings=\"{&quot;background_background&quot;:&quot;classic&quot;}\">\n\t\t\t\t\t<div class=\"e-con-inner\">\n\t\t\t\t<div class=\"elementor-element elementor-element-a8b5a32 text-center elementor-invisible elementor-widget elementor-widget-tp-heading-title\" data-id=\"a8b5a32\" data-element_type=\"widget\" data-settings=\"{&quot;_animation&quot;:&quot;slideInUp&quot;}\" data-widget_type=\"tp-heading-title.default\">\n\t\t\t\t\t<div class=\"heading heading_style heading_style69d44cd53ea74 style-1 \" ><div class=\"sub-style\" ><div class=\"head-title \" > <h3  class=\"heading-title   \"  data-hover=\"Pagamentos\">Pagamentos<span class=\"title-s \">  <\/span><\/h3><\/div><\/div><\/div>\t\t\t\t<\/div>\n\t\t\t\t\t<\/div>\n\t\t\t\t<\/div>\n\t\t<div class=\"elementor-element elementor-element-c628a42 e-flex e-con-boxed e-con e-parent\" data-id=\"c628a42\" data-element_type=\"container\">\n\t\t\t\t\t<div class=\"e-con-inner\">\n\t\t<div class=\"elementor-element elementor-element-ff6eca8 e-con-full e-flex e-con e-child\" data-id=\"ff6eca8\" data-element_type=\"container\">\n\t\t\t\t<div class=\"elementor-element elementor-element-83acf97 elementor-widget elementor-widget-tp-heading-title\" data-id=\"83acf97\" data-element_type=\"widget\" data-widget_type=\"tp-heading-title.default\">\n\t\t\t\t\t<div class=\"heading heading_style heading_style69d44cd53ee62 style-1 \" ><div class=\"sub-style\" ><div class=\"head-title \" > <h2  class=\"heading-title   \"  data-hover=\"Veja como comprar na Casa da Calandra \u00e9 simples e f\u00e1cil!\">Veja como comprar na Casa da Calandra \u00e9 simples e f\u00e1cil!<span class=\"title-s \">  <\/span><\/h2><\/div><\/div><\/div>\t\t\t\t<\/div>\n\t\t\t\t<div class=\"elementor-element elementor-element-a24f35b elementor-widget elementor-widget-tp-adv-text-block\" data-id=\"a24f35b\" data-element_type=\"widget\" data-widget_type=\"tp-adv-text-block.default\">\n\t\t\t\t\t<div class=\"pt-plus-text-block-wrapper\" ><div class=\"text_block_parallax\"><div class=\"pt_plus_adv_text_block \" ><div class=\"text-content-block\"><p><strong>Passo 1: Localize o produto que deseja comprar:<\/strong><br \/>Localize a p\u00e1gina de detalhes do produto que deseja comprar.<\/p><\/div><\/div><\/div><\/div>\t\t\t\t<\/div>\n\t\t\t\t<div class=\"elementor-element elementor-element-cf7d2c8 elementor-widget elementor-widget-tp-adv-text-block\" data-id=\"cf7d2c8\" data-element_type=\"widget\" data-widget_type=\"tp-adv-text-block.default\">\n\t\t\t\t\t<div class=\"pt-plus-text-block-wrapper\" ><div class=\"text_block_parallax\"><div class=\"pt_plus_adv_text_block \" ><div class=\"text-content-block\"><p><strong>Passo 2: Coloque o produto no carrinho de compras:<\/strong><br \/>Clique no bot\u00e3o COMPRAR localizado na p\u00e1gina de detalhes do produto. Imediatamente, voc\u00ea ser\u00e1 transferido para o Meu Carrinho.<br \/>Voc\u00ea tamb\u00e9m tem a op\u00e7\u00e3o de continuar comprando, isto \u00e9, voc\u00ea retorna ao site para localizar outros produtos e adicionar ao seu pedido. Saiba que a qualquer momento, voc\u00ea pode consultar os itens selecionados utilizando a op\u00e7\u00e3o meu carrinho, localizado no topo em todas as p\u00e1gina do site. Saiba que os itens no seu carrinho de compras est\u00e3o reservados para voc\u00ea enquanto voc\u00ea estiver navegando em nosso site. Navegue com tranq\u00fcilidade!<\/p><\/div><\/div><\/div><\/div>\t\t\t\t<\/div>\n\t\t\t\t<div class=\"elementor-element elementor-element-f8428dd elementor-widget elementor-widget-tp-adv-text-block\" data-id=\"f8428dd\" data-element_type=\"widget\" data-widget_type=\"tp-adv-text-block.default\">\n\t\t\t\t\t<div class=\"pt-plus-text-block-wrapper\" ><div class=\"text_block_parallax\"><div class=\"pt_plus_adv_text_block \" ><div class=\"text-content-block\"><p><strong>Passo 3: Feche seu pedido com aten\u00e7\u00e3o:<\/strong><br \/>Verifique todos os produtos que voc\u00ea adicionou ao seu carrinho de compras. Caso voc\u00ea desista de algum deles, clique no \u00edcone X, dispon\u00edvel ao lado de cada item, para remov\u00ea-lo. Sugerimos que voc\u00ea informe o cep onde voc\u00ea gostaria de receber sua compra, para que voc\u00ea seja informado do valor do frete que ser\u00e1 acrescido a sua compra. Selecione a forma e valor de entrega. O valor do frete \u00e9 calculado de acordo com a regi\u00e3o de entrega e o peso das mercadorias. Assim que voc\u00ea estiver certo da sua compra, clique em Continuar.<\/p><\/div><\/div><\/div><\/div>\t\t\t\t<\/div>\n\t\t\t\t<div class=\"elementor-element elementor-element-358fdb9 elementor-widget elementor-widget-tp-adv-text-block\" data-id=\"358fdb9\" data-element_type=\"widget\" data-widget_type=\"tp-adv-text-block.default\">\n\t\t\t\t\t<div class=\"pt-plus-text-block-wrapper\" ><div class=\"text_block_parallax\"><div class=\"pt_plus_adv_text_block \" ><div class=\"text-content-block\"><p><strong>Passo 4: Cadastro:<\/strong><br \/>Caso voc\u00ea seja um cliente novo, informe seu e-mail e CEP do seu endere\u00e7o de cobran\u00e7a e clique em Continuar. Voc\u00ea ser\u00e1 levado a uma p\u00e1gina de cadastro.<br \/>Preencha todos os itens com aten\u00e7\u00e3o! Todos os campos sinalizados com um asterisco ao lado s\u00e3o de preenchimento obrigat\u00f3rio.<\/p><\/div><\/div><\/div><\/div>\t\t\t\t<\/div>\n\t\t\t\t<div class=\"elementor-element elementor-element-f1aa54b elementor-widget elementor-widget-tp-heading-title\" data-id=\"f1aa54b\" data-element_type=\"widget\" data-widget_type=\"tp-heading-title.default\">\n\t\t\t\t\t<div class=\"heading heading_style heading_style69d44cd53f1f9 style-1 \" ><div class=\"sub-style\" ><div class=\"head-title \" > <h2  class=\"heading-title   \"  data-hover=\"Aten\u00e7\u00e3o!\">Aten\u00e7\u00e3o!<span class=\"title-s \">  <\/span><\/h2><\/div><\/div><\/div>\t\t\t\t<\/div>\n\t\t\t\t<div class=\"elementor-element elementor-element-e0f9ffc elementor-widget elementor-widget-tp-adv-text-block\" data-id=\"e0f9ffc\" data-element_type=\"widget\" data-widget_type=\"tp-adv-text-block.default\">\n\t\t\t\t\t<div class=\"pt-plus-text-block-wrapper\" ><div class=\"text_block_parallax\"><div class=\"pt_plus_adv_text_block \" ><div class=\"text-content-block\"><p>As informa\u00e7\u00f5es contidas no campo endere\u00e7o de cobran\u00e7a devem conferir com o endere\u00e7o onde voc\u00ea recebe correspond\u00eancias como faturas de cart\u00e3o de cr\u00e9dito, contas de \u00e1gua, luz, telefone, entre outras.<br \/><br \/>A Casa da Calandra identifica sua rua, bairro, cidade e estado baseado no CEP informado na tela anterior. Por favor, valide essa informa\u00e7\u00e3o com aten\u00e7\u00e3o e preencha os demais dados solicitados. Preencha seus dados com aten\u00e7\u00e3o e evite atrasos: dados incorretos ou incompletos podem gerar um atraso desnecess\u00e1rio a sua entrega.<br \/><br \/>Agilize suas compras futuras e salve seu cadastro: cadastre uma senha (de no m\u00ednimo 4 d\u00edgitos) no campo apropriado ao final da tela de cadastro. Esses dados ser\u00e3o sua chave de acesso numa compra futura e voc\u00ea n\u00e3o precisar\u00e1 preencher este formul\u00e1rio novamente. Ainda, este ser\u00e1 o \u00fanico e-mail que poderemos enviar informa\u00e7\u00f5es sobre a evolu\u00e7\u00e3o do seu pedido. Portanto, escolha um endere\u00e7o de e-mail que \u00e9 acessado com freq\u00fc\u00eancia. Clique em Cadastrar.<br \/><br \/>Caso voc\u00ea j\u00e1 seja um cliente cadastrado, informe seu e-mail de cadastro e senha. IMPORTANTE: caso tenha esquecido sua senha, n\u00e3o se preocupe, ao lado do campo para informar sua senha clique no link \u201c esqueci minha senha?\u201d. Voc\u00ea ser\u00e1 levado a p\u00e1gina receba sua senha. Siga as instru\u00e7\u00f5es solicitadas, informando seu e-mail, que voc\u00ea receber\u00e1 sua senha no e-mail cadastrado logo em seguida.<\/p><\/div><\/div><\/div><\/div>\t\t\t\t<\/div>\n\t\t\t\t<div class=\"elementor-element elementor-element-923cce5 elementor-widget elementor-widget-tp-adv-text-block\" data-id=\"923cce5\" data-element_type=\"widget\" data-widget_type=\"tp-adv-text-block.default\">\n\t\t\t\t\t<div class=\"pt-plus-text-block-wrapper\" ><div class=\"text_block_parallax\"><div class=\"pt_plus_adv_text_block \" ><div class=\"text-content-block\"><p><strong>Passo 5: Informe o endere\u00e7o de entrega:<\/strong><br \/>As informa\u00e7\u00f5es que ser\u00e3o inseridas no campo endere\u00e7o de entrega, corresponder\u00e3o com o endere\u00e7o do local onde voc\u00ea deseja que a Casa da Calandra entregue seu pedido.<\/p><\/div><\/div><\/div><\/div>\t\t\t\t<\/div>\n\t\t\t\t<div class=\"elementor-element elementor-element-703c2f6 elementor-widget elementor-widget-tp-adv-text-block\" data-id=\"703c2f6\" data-element_type=\"widget\" data-widget_type=\"tp-adv-text-block.default\">\n\t\t\t\t\t<div class=\"pt-plus-text-block-wrapper\" ><div class=\"text_block_parallax\"><div class=\"pt_plus_adv_text_block \" ><div class=\"text-content-block\"><p><strong>Passo 6: Escolha como pagar:<\/strong><br \/>Sugerimos que voc\u00ea fa\u00e7a uma \u00faltima valida\u00e7\u00e3o nos dados do seu pedido. Confira os produtos adquiridos, endere\u00e7o de cobran\u00e7a e entrega, valores. Altere se necess\u00e1rio. Caso todas as informa\u00e7\u00f5es estejam corretas, escolha a forma de pagamento desejada. O pagamento \u00e9 realizado atrav\u00e9s do PagSeguro. Aceitamos Cart\u00f5es de Cr\u00e9dito e Boleto Banc\u00e1rio.<\/p><\/div><\/div><\/div><\/div>\t\t\t\t<\/div>\n\t\t\t\t<div class=\"elementor-element elementor-element-f178c65 elementor-widget elementor-widget-tp-adv-text-block\" data-id=\"f178c65\" data-element_type=\"widget\" data-widget_type=\"tp-adv-text-block.default\">\n\t\t\t\t\t<div class=\"pt-plus-text-block-wrapper\" ><div class=\"text_block_parallax\"><div class=\"pt_plus_adv_text_block \" ><div class=\"text-content-block\"><p><strong>Passo 7: Valide seu pedido e finalize a sua compra:<\/strong><br \/>Clique em FINALIZAR COMPRA. Feito isso, voc\u00ea ser\u00e1 direcionado para a p\u00e1gina de pagamento do PagSeguro, escolha a forma de pagamento, clique em confirmar e pronto! Ap\u00f3s isso, voc\u00ea visualizar\u00e1 o n\u00famero do seu pedido. Guarde este n\u00famero com voc\u00ea para futuras consultas.<\/p><\/div><\/div><\/div><\/div>\t\t\t\t<\/div>\n\t\t\t\t<div class=\"elementor-element elementor-element-aa6976f elementor-widget elementor-widget-tp-adv-text-block\" data-id=\"aa6976f\" data-element_type=\"widget\" data-widget_type=\"tp-adv-text-block.default\">\n\t\t\t\t\t<div class=\"pt-plus-text-block-wrapper\" ><div class=\"text_block_parallax\"><div class=\"pt_plus_adv_text_block \" ><div class=\"text-content-block\"><p><strong>Passo 8: Acompanhe seu pedido:<\/strong><br \/>Al\u00e9m dos e-mails autom\u00e1ticos enviados ao seu endere\u00e7o de e-mail, voc\u00ea pode a qualquer momento acompanhar seu pedido em nosso site. Para isso, selecione a op\u00e7\u00e3o meus pedidos localizado no canto superior direito da p\u00e1gina do nosso site.<\/p><\/div><\/div><\/div><\/div>\t\t\t\t<\/div>\n\t\t\t\t<div class=\"elementor-element elementor-element-733397b elementor-position-left elementor-view-default elementor-mobile-position-top elementor-widget elementor-widget-icon-box\" data-id=\"733397b\" data-element_type=\"widget\" data-widget_type=\"icon-box.default\">\n\t\t\t\t\t\t\t<div class=\"elementor-icon-box-wrapper\">\n\n\t\t\t\t\t\t<div class=\"elementor-icon-box-icon\">\n\t\t\t\t<span  class=\"elementor-icon\">\n\t\t\t\t<i aria-hidden=\"true\" class=\" ti-comments\"><\/i>\t\t\t\t<\/span>\n\t\t\t<\/div>\n\t\t\t\n\t\t\t\t\t\t<div class=\"elementor-icon-box-content\">\n\n\t\t\t\t\t\t\t\t\t<h3 class=\"elementor-icon-box-title\">\n\t\t\t\t\t\t<span  >\n\t\t\t\t\t\t\tPrecisa de ajuda?\t\t\t\t\t\t<\/span>\n\t\t\t\t\t<\/h3>\n\t\t\t\t\n\t\t\t\t\t\t\t\t\t<p class=\"elementor-icon-box-description\">\n\t\t\t\t\t\t41-3402-2698<\/br>\n\n41-8417-2707 WhatsApp<\/br> \n\nvendas@casadacalandra.com.br\t\t\t\t\t<\/p>\n\t\t\t\t\n\t\t\t<\/div>\n\t\t\t\n\t\t<\/div>\n\t\t\t\t\t\t<\/div>\n\t\t\t\t<\/div>\n\t\t\t\t\t<\/div>\n\t\t\t\t<\/div>\n\t\t\t\t<\/div>\n\t\t","protected":false},"excerpt":{"rendered":"<p>Veja como comprar na Casa da Calandra \u00e9 simples e f\u00e1cil! Passo 1: Localize o produto que deseja comprar:Localize a p\u00e1gina de detalhes do produto que deseja comprar. Passo 2: Coloque o produto no carrinho de compras:Clique no bot\u00e3o COMPRAR localizado na p\u00e1gina de detalhes do produto. Imediatamente, voc\u00ea ser\u00e1 transferido para o Meu Carrinho.Voc\u00ea [&hellip;]<\/p>\n","protected":false},"author":1,"featured_media":0,"parent":0,"menu_order":0,"comment_status":"closed","ping_status":"closed","template":"","meta":{"footnotes":""},"class_list":["post-641","page","type-page","status-publish","hentry"],"_links":{"self":[{"href":"https:\/\/desenvolveaqui.com.br\/calandra\/wp-json\/wp\/v2\/pages\/641","targetHints":{"allow":["GET"]}}],"collection":[{"href":"https:\/\/desenvolveaqui.com.br\/calandra\/wp-json\/wp\/v2\/pages"}],"about":[{"href":"https:\/\/desenvolveaqui.com.br\/calandra\/wp-json\/wp\/v2\/types\/page"}],"author":[{"embeddable":true,"href":"https:\/\/desenvolveaqui.com.br\/calandra\/wp-json\/wp\/v2\/users\/1"}],"replies":[{"embeddable":true,"href":"https:\/\/desenvolveaqui.com.br\/calandra\/wp-json\/wp\/v2\/comments?post=641"}],"version-history":[{"count":4,"href":"https:\/\/desenvolveaqui.com.br\/calandra\/wp-json\/wp\/v2\/pages\/641\/revisions"}],"predecessor-version":[{"id":651,"href":"https:\/\/desenvolveaqui.com.br\/calandra\/wp-json\/wp\/v2\/pages\/641\/revisions\/651"}],"wp:attachment":[{"href":"https:\/\/desenvolveaqui.com.br\/calandra\/wp-json\/wp\/v2\/media?parent=641"}],"curies":[{"name":"wp","href":"https:\/\/api.w.org\/{rel}","templated":true}]}}