{"id":652,"date":"2025-09-17T09:58:04","date_gmt":"2025-09-17T12:58:04","guid":{"rendered":"https:\/\/desenvolveaqui.com.br\/calandra\/?page_id=652"},"modified":"2025-09-17T10:03:12","modified_gmt":"2025-09-17T13:03:12","slug":"devolucao-ou-trocas","status":"publish","type":"page","link":"https:\/\/desenvolveaqui.com.br\/calandra\/devolucao-ou-trocas\/","title":{"rendered":"Devolu\u00e7\u00e3o ou Trocas"},"content":{"rendered":"\t\t<div data-elementor-type=\"wp-page\" data-elementor-id=\"652\" class=\"elementor elementor-652\" data-elementor-post-type=\"page\">\n\t\t\t\t<div class=\"elementor-element elementor-element-85eb0ce e-flex e-con-boxed e-con e-parent\" data-id=\"85eb0ce\" data-element_type=\"container\" data-settings=\"{&quot;background_background&quot;:&quot;classic&quot;}\">\n\t\t\t\t\t<div class=\"e-con-inner\">\n\t\t\t\t<div class=\"elementor-element elementor-element-a3b0367 text-center elementor-invisible elementor-widget elementor-widget-tp-heading-title\" data-id=\"a3b0367\" data-element_type=\"widget\" data-settings=\"{&quot;_animation&quot;:&quot;slideInUp&quot;}\" data-widget_type=\"tp-heading-title.default\">\n\t\t\t\t\t<div class=\"heading heading_style heading_style69d465c809c27 style-1 \" ><div class=\"sub-style\" ><div class=\"head-title \" > <h3  class=\"heading-title   \"  data-hover=\"Devolu\u00e7\u00e3o ou Trocas\">Devolu\u00e7\u00e3o ou Trocas<span class=\"title-s \">  <\/span><\/h3><\/div><\/div><\/div>\t\t\t\t<\/div>\n\t\t\t\t\t<\/div>\n\t\t\t\t<\/div>\n\t\t<div class=\"elementor-element elementor-element-cb9d67e e-flex e-con-boxed e-con e-parent\" data-id=\"cb9d67e\" data-element_type=\"container\">\n\t\t\t\t\t<div class=\"e-con-inner\">\n\t\t<div class=\"elementor-element elementor-element-78a2b45 e-con-full e-flex e-con e-child\" data-id=\"78a2b45\" data-element_type=\"container\">\n\t\t\t\t<div class=\"elementor-element elementor-element-025d276 elementor-widget elementor-widget-tp-heading-title\" data-id=\"025d276\" data-element_type=\"widget\" data-widget_type=\"tp-heading-title.default\">\n\t\t\t\t\t<div class=\"heading heading_style heading_style69d465c80a034 style-1 \" ><div class=\"sub-style\" ><div class=\"head-title \" > <h2  class=\"heading-title   \"  data-hover=\"Politica para Troca ou Desist\u00eancia de Compra\">Politica para Troca ou Desist\u00eancia de Compra<span class=\"title-s \">  <\/span><\/h2><\/div><\/div><\/div>\t\t\t\t<\/div>\n\t\t\t\t<div class=\"elementor-element elementor-element-6799e23 elementor-widget elementor-widget-tp-adv-text-block\" data-id=\"6799e23\" data-element_type=\"widget\" data-widget_type=\"tp-adv-text-block.default\">\n\t\t\t\t\t<div class=\"pt-plus-text-block-wrapper\" ><div class=\"text_block_parallax\"><div class=\"pt_plus_adv_text_block \" ><div class=\"text-content-block\"><p><strong>Prazo para desist\u00eancia ou arrependimento de compra:<\/strong><\/p><p>Se voc\u00ea efetuou a compra atrav\u00e9s do site da Casa da Calandra, recebeu o produto em descordo com seu pedido, ou em perfeitas condi\u00e7\u00f5es e ainda assim n\u00e3o se sentiu satisfeito, voc\u00ea poder\u00e1 solicitar seu cancelamento ou a troca por um novo produto. Basta entrar em contato conosco no prazo de at\u00e9 7 (sete) dias a partir do recebimento do produto (conforme Art. 49 do C\u00f3digo de Defesa do Consumidor), pelo telefone (41) 3402-2698 ou pelo e-mail vendas@casadacalandra.com.br, indicando as raz\u00f5es da devolu\u00e7\u00e3o e se deseja a troca por outro produto.<\/p><p>O prazo para desist\u00eancia ou arrependimento conta-se a partir do recebimento da mercadoria. Caso seja superior \u00e0 7 (sete) dias, a troca ou devolu\u00e7\u00e3o n\u00e3o poder\u00e1 ser feita. A data ser\u00e1 checada em nosso sistema e a troca\/indeniza\u00e7\u00e3o n\u00e3o ser\u00e1 efetuada, caso a data informada pelo consumidor esteja errada.<\/p><\/div><\/div><\/div><\/div>\t\t\t\t<\/div>\n\t\t\t\t<div class=\"elementor-element elementor-element-7502422 elementor-widget elementor-widget-tp-adv-text-block\" data-id=\"7502422\" data-element_type=\"widget\" data-widget_type=\"tp-adv-text-block.default\">\n\t\t\t\t\t<div class=\"pt-plus-text-block-wrapper\" ><div class=\"text_block_parallax\"><div class=\"pt_plus_adv_text_block \" ><div class=\"text-content-block\"><p><strong>Devolu\u00e7\u00e3o da Mercadoria:<\/strong><\/p><p>Produtos devolvidos dever\u00e3o estar sem nenhuma interven\u00e7\u00e3o que implique em sua deprecia\u00e7\u00e3o, acompanhados da nota fiscal, etiquetas, manuais, todos os acess\u00f3rios e na embalagem original. A restitui\u00e7\u00e3o dos valores ser\u00e1 processada somente ap\u00f3s o recebimento e a avalia\u00e7\u00e3o das condi\u00e7\u00f5es do produto devolvido.<\/p><p>Se a mercadoria tiver sido entregue pelos Correios ser\u00e1 necess\u00e1rio devolve-la tamb\u00e9m pelos Correios, com o C\u00f3digo de Autoriza\u00e7\u00e3o fornecido por n\u00f3s. Quando a mercadoria adquirida for entregue por transportadora a Casa da Calandra solicitar\u00e1 \u00e0 transportadora a sua coleta. \u00c9 importante guardar os comprovantes da remessa para o rastreamento da devolu\u00e7\u00e3o.<\/p><p><strong>Caso a mercadoria devolvida esteja fora das condi\u00e7\u00f5es acima estabelecidas, ou houver sinais de uso ou limpeza inadequados, o cliente ser\u00e1 avisado e a substitui\u00e7\u00e3o\/indeniza\u00e7\u00e3o n\u00e3o ser\u00e1 efetuada.<\/strong><\/p><\/div><\/div><\/div><\/div>\t\t\t\t<\/div>\n\t\t\t\t<div class=\"elementor-element elementor-element-14760a0 elementor-widget elementor-widget-tp-adv-text-block\" data-id=\"14760a0\" data-element_type=\"widget\" data-widget_type=\"tp-adv-text-block.default\">\n\t\t\t\t\t<div class=\"pt-plus-text-block-wrapper\" ><div class=\"text_block_parallax\"><div class=\"pt_plus_adv_text_block \" ><div class=\"text-content-block\"><p><strong>Indeniza\u00e7\u00e3o:<\/strong><\/p><p>As formas de indeniza\u00e7\u00e3o de mercadoria s\u00e3o:<\/p><p>- Estorno no cart\u00e3o de cr\u00e9dito. Em compras realizadas com CART\u00c3O DE CR\u00c9DITO, a administradora de cart\u00f5es ser\u00e1 notificada e o estorno ocorrer\u00e1 em at\u00e9 duas faturas subseq\u00fcentes;<\/p><p>- Dep\u00f3sito em conta corrente em nome do cliente. A restitui\u00e7\u00e3o ser\u00e1 efetuada por meio de DOC na conta corrente indicada pelo consumidor em at\u00e9 10 dias \u00fateis. \u00c9 necess\u00e1rio que o CPF do titular da conta corrente seja o mesmo que consta no pedido (CPF do cliente);<\/p><p>- O reembolso ser\u00e1 realizado no valor total do(s) produto(s) devolvido(s) e n\u00e3o haver\u00e1 restitui\u00e7\u00e3o do valor do frete.<\/p><p>- Todos os encargos do retorno da mercadoria ser\u00e3o de nossa responsabilidade.<\/p><\/div><\/div><\/div><\/div>\t\t\t\t<\/div>\n\t\t\t\t<div class=\"elementor-element elementor-element-78b6038 elementor-position-left elementor-view-default elementor-mobile-position-top elementor-widget elementor-widget-icon-box\" data-id=\"78b6038\" data-element_type=\"widget\" data-widget_type=\"icon-box.default\">\n\t\t\t\t\t\t\t<div class=\"elementor-icon-box-wrapper\">\n\n\t\t\t\t\t\t<div class=\"elementor-icon-box-icon\">\n\t\t\t\t<span  class=\"elementor-icon\">\n\t\t\t\t<i aria-hidden=\"true\" class=\" ti-comments\"><\/i>\t\t\t\t<\/span>\n\t\t\t<\/div>\n\t\t\t\n\t\t\t\t\t\t<div class=\"elementor-icon-box-content\">\n\n\t\t\t\t\t\t\t\t\t<h3 class=\"elementor-icon-box-title\">\n\t\t\t\t\t\t<span  >\n\t\t\t\t\t\t\tPrecisa de ajuda?\t\t\t\t\t\t<\/span>\n\t\t\t\t\t<\/h3>\n\t\t\t\t\n\t\t\t\t\t\t\t\t\t<p class=\"elementor-icon-box-description\">\n\t\t\t\t\t\t41-3402-2698<\/br>\n\n41-8417-2707 WhatsApp<\/br> \n\nvendas@casadacalandra.com.br\t\t\t\t\t<\/p>\n\t\t\t\t\n\t\t\t<\/div>\n\t\t\t\n\t\t<\/div>\n\t\t\t\t\t\t<\/div>\n\t\t\t\t<\/div>\n\t\t\t\t\t<\/div>\n\t\t\t\t<\/div>\n\t\t\t\t<\/div>\n\t\t","protected":false},"excerpt":{"rendered":"<p>Politica para Troca ou Desist\u00eancia de Compra Prazo para desist\u00eancia ou arrependimento de compra: Se voc\u00ea efetuou a compra atrav\u00e9s do site da Casa da Calandra, recebeu o produto em descordo com seu pedido, ou em perfeitas condi\u00e7\u00f5es e ainda assim n\u00e3o se sentiu satisfeito, voc\u00ea poder\u00e1 solicitar seu cancelamento ou a troca por um [&hellip;]<\/p>\n","protected":false},"author":1,"featured_media":0,"parent":0,"menu_order":0,"comment_status":"closed","ping_status":"closed","template":"","meta":{"footnotes":""},"class_list":["post-652","page","type-page","status-publish","hentry"],"_links":{"self":[{"href":"https:\/\/desenvolveaqui.com.br\/calandra\/wp-json\/wp\/v2\/pages\/652","targetHints":{"allow":["GET"]}}],"collection":[{"href":"https:\/\/desenvolveaqui.com.br\/calandra\/wp-json\/wp\/v2\/pages"}],"about":[{"href":"https:\/\/desenvolveaqui.com.br\/calandra\/wp-json\/wp\/v2\/types\/page"}],"author":[{"embeddable":true,"href":"https:\/\/desenvolveaqui.com.br\/calandra\/wp-json\/wp\/v2\/users\/1"}],"replies":[{"embeddable":true,"href":"https:\/\/desenvolveaqui.com.br\/calandra\/wp-json\/wp\/v2\/comments?post=652"}],"version-history":[{"count":7,"href":"https:\/\/desenvolveaqui.com.br\/calandra\/wp-json\/wp\/v2\/pages\/652\/revisions"}],"predecessor-version":[{"id":665,"href":"https:\/\/desenvolveaqui.com.br\/calandra\/wp-json\/wp\/v2\/pages\/652\/revisions\/665"}],"wp:attachment":[{"href":"https:\/\/desenvolveaqui.com.br\/calandra\/wp-json\/wp\/v2\/media?parent=652"}],"curies":[{"name":"wp","href":"https:\/\/api.w.org\/{rel}","templated":true}]}}