{"id":204,"date":"2025-08-25T16:32:46","date_gmt":"2025-08-25T19:32:46","guid":{"rendered":"https:\/\/desenvolveaqui.com.br\/calandra\/?post_type=product&#038;p=204"},"modified":"2025-11-25T16:23:48","modified_gmt":"2025-11-25T19:23:48","slug":"calandra-de-chapas-manual-de-80cmx2mm","status":"publish","type":"product","link":"https:\/\/desenvolveaqui.com.br\/calandra\/produtos\/calandra-de-chapas-manual-de-80cmx2mm\/","title":{"rendered":"Calandra de Chapas manual de 80cm x 2mm"},"content":{"rendered":"<p><strong>Calandra de Chapas Inicial com acionamento manual<\/strong><\/p>\n<p><strong>\u00c1rea \u00fatil<\/strong>\u00a0&#8211; 0,80 metros (800 mil\u00edmetros)<\/p>\n<p><strong>Espessuras m\u00e1ximas<\/strong>:<\/p>\n<p>&#8211; 2mm de\u00a0chapas em a\u00e7o carbono 1020, galvanizada ou preta<\/p>\n<p>&#8211; 1mm de chapa em a\u00e7o Inox.<\/p>\n<p>&#8211; 3mm de chapa em alum\u00ednio.<\/p>\n<p><strong>Caracter\u00edsticas:<\/strong><\/p>\n<p>&#8211; Acompanha bancada de trabalho de altura padr\u00e3o 75cm.<\/p>\n<p>&#8211; Eixo maci\u00e7o de 2,5&#8243; em a\u00e7o 1045.<\/p>\n<p>&#8211; Sistema de movimenta\u00e7\u00e3o do eixo m\u00f3vel por gravidade. Muito mais durabilidade para seu equipamento.<\/p>\n<p><span style=\"color: red;\">FRETE POR CONTA DO COMPRADOR.<\/span><\/p>\n<p><strong>IMAGEM ILUSTRATIVA<\/strong><\/p>\n","protected":false},"excerpt":{"rendered":"<p>C\u00f3digo:\u00a0<strong>1675797951986<\/strong><br \/>\nMarca:\u00a0<strong>Casa da Calandra<\/strong><br \/>\nModelo:\u00a0<strong>CCHMN80<\/strong><br \/>\nGarantia:\u00a0<strong>3 meses contra defeitos de fabrica\u00e7\u00e3o<\/strong><\/p>\n","protected":false},"featured_media":1104,"comment_status":"open","ping_status":"closed","template":"","meta":[],"product_brand":[],"product_cat":[27],"product_tag":[],"class_list":{"0":"post-204","1":"product","2":"type-product","3":"status-publish","4":"has-post-thumbnail","6":"product_cat-calandra-para-chapas","8":"first","9":"instock","10":"shipping-taxable","11":"purchasable","12":"product-type-simple"},"_links":{"self":[{"href":"https:\/\/desenvolveaqui.com.br\/calandra\/wp-json\/wp\/v2\/product\/204","targetHints":{"allow":["GET"]}}],"collection":[{"href":"https:\/\/desenvolveaqui.com.br\/calandra\/wp-json\/wp\/v2\/product"}],"about":[{"href":"https:\/\/desenvolveaqui.com.br\/calandra\/wp-json\/wp\/v2\/types\/product"}],"replies":[{"embeddable":true,"href":"https:\/\/desenvolveaqui.com.br\/calandra\/wp-json\/wp\/v2\/comments?post=204"}],"wp:featuredmedia":[{"embeddable":true,"href":"https:\/\/desenvolveaqui.com.br\/calandra\/wp-json\/wp\/v2\/media\/1104"}],"wp:attachment":[{"href":"https:\/\/desenvolveaqui.com.br\/calandra\/wp-json\/wp\/v2\/media?parent=204"}],"wp:term":[{"taxonomy":"product_brand","embeddable":true,"href":"https:\/\/desenvolveaqui.com.br\/calandra\/wp-json\/wp\/v2\/product_brand?post=204"},{"taxonomy":"product_cat","embeddable":true,"href":"https:\/\/desenvolveaqui.com.br\/calandra\/wp-json\/wp\/v2\/product_cat?post=204"},{"taxonomy":"product_tag","embeddable":true,"href":"https:\/\/desenvolveaqui.com.br\/calandra\/wp-json\/wp\/v2\/product_tag?post=204"}],"curies":[{"name":"wp","href":"https:\/\/api.w.org\/{rel}","templated":true}]}}