{"id":454,"date":"2025-09-08T10:51:19","date_gmt":"2025-09-08T13:51:19","guid":{"rendered":"https:\/\/desenvolveaqui.com.br\/calandra\/?post_type=product&#038;p=454"},"modified":"2025-11-25T16:23:29","modified_gmt":"2025-11-25T19:23:29","slug":"calandra-de-chapas-manual-de-15m-x-08mm-cchmn115","status":"publish","type":"product","link":"https:\/\/desenvolveaqui.com.br\/calandra\/produtos\/calandra-de-chapas-manual-de-15m-x-08mm-cchmn115\/","title":{"rendered":"Calandra de Chapas Manual de 1,5m x 0,8mm CCHMN115"},"content":{"rendered":"<p>Calandra de Chapas Inicial com acionamento manual<\/p>\n<p>\u00c1rea \u00fatil &#8211; 1,5 metros (1.500 mil\u00edmetros)<\/p>\n<p><strong>Espessuras m\u00e1ximas:<br \/>\n<\/strong>&#8211; 0,8mm (N.22) de chapas em a\u00e7o carbono 1020, galvanizada ou preta<br \/>\n&#8211; 0,4mm de chapa em a\u00e7o Inox.<\/p>\n<p><strong>Caracter\u00edsticas:<br \/>\n<\/strong>&#8211; Acompanha bancada de trabalho de altura padr\u00e3o 75cm.<br \/>\n&#8211; Eixo maci\u00e7o de 2&#8243; em a\u00e7o 1045.<br \/>\n&#8211; Sistema de movimenta\u00e7\u00e3o do eixo m\u00f3vel por gravidade. Muito mais durabilidade para seu equipamento.<\/p>\n<p><span style=\"color: red;\">FRETE POR CONTA DO COMPRADOR.<\/span><\/p>\n<p><strong>IMAGEM ILUSTRATIVA<\/strong><\/p>\n","protected":false},"excerpt":{"rendered":"<p>C\u00f3digo: CCHMN115<br \/>\nMarca: Casa da Calandra<br \/>\nModelo: CCHMN115<br \/>\nGarantia:\u00a0<strong>3 meses contra defeitos de fabrica\u00e7\u00e3o<br \/>\n<span style=\"color: red;\">ATEN\u00c7\u00c3O: 5 \u00e0 15 dias \u00fateis para produ\u00e7\u00e3o e envio.<\/span><br \/>\n<\/strong><\/p>\n","protected":false},"featured_media":1104,"comment_status":"open","ping_status":"closed","template":"","meta":[],"product_brand":[],"product_cat":[27],"product_tag":[],"class_list":{"0":"post-454","1":"product","2":"type-product","3":"status-publish","4":"has-post-thumbnail","6":"product_cat-calandra-para-chapas","8":"first","9":"instock","10":"shipping-taxable","11":"purchasable","12":"product-type-simple"},"_links":{"self":[{"href":"https:\/\/desenvolveaqui.com.br\/calandra\/wp-json\/wp\/v2\/product\/454","targetHints":{"allow":["GET"]}}],"collection":[{"href":"https:\/\/desenvolveaqui.com.br\/calandra\/wp-json\/wp\/v2\/product"}],"about":[{"href":"https:\/\/desenvolveaqui.com.br\/calandra\/wp-json\/wp\/v2\/types\/product"}],"replies":[{"embeddable":true,"href":"https:\/\/desenvolveaqui.com.br\/calandra\/wp-json\/wp\/v2\/comments?post=454"}],"wp:featuredmedia":[{"embeddable":true,"href":"https:\/\/desenvolveaqui.com.br\/calandra\/wp-json\/wp\/v2\/media\/1104"}],"wp:attachment":[{"href":"https:\/\/desenvolveaqui.com.br\/calandra\/wp-json\/wp\/v2\/media?parent=454"}],"wp:term":[{"taxonomy":"product_brand","embeddable":true,"href":"https:\/\/desenvolveaqui.com.br\/calandra\/wp-json\/wp\/v2\/product_brand?post=454"},{"taxonomy":"product_cat","embeddable":true,"href":"https:\/\/desenvolveaqui.com.br\/calandra\/wp-json\/wp\/v2\/product_cat?post=454"},{"taxonomy":"product_tag","embeddable":true,"href":"https:\/\/desenvolveaqui.com.br\/calandra\/wp-json\/wp\/v2\/product_tag?post=454"}],"curies":[{"name":"wp","href":"https:\/\/api.w.org\/{rel}","templated":true}]}}