{"id":456,"date":"2025-09-08T10:53:59","date_gmt":"2025-09-08T13:53:59","guid":{"rendered":"https:\/\/desenvolveaqui.com.br\/calandra\/?post_type=product&#038;p=456"},"modified":"2025-11-25T16:23:24","modified_gmt":"2025-11-25T19:23:24","slug":"calandra-de-chapas-manual-de-15m-x-1mm-cchmn215","status":"publish","type":"product","link":"https:\/\/desenvolveaqui.com.br\/calandra\/produtos\/calandra-de-chapas-manual-de-15m-x-1mm-cchmn215\/","title":{"rendered":"Calandra de Chapas Manual de 1,5m x 1mm CCHMN215"},"content":{"rendered":"<p>Calandra de Chapas Inicial com acionamento manual<\/p>\n<p><strong>\u00c1rea \u00fatil<br \/>\n<\/strong>&#8211; 1,5 Metros (1.500 mil\u00edmetros)<br \/>\n&#8211; Abertura para acm 4mm<\/p>\n<p><strong>Espessuras m\u00e1ximas:<br \/>\n<\/strong>&#8211; 1mm de chapas em a\u00e7o carbono 1020, galvanizada ou preta<br \/>\n&#8211; 0,5mm de chapa em a\u00e7o Inox.<\/p>\n<p><strong>Caracter\u00edsticas:<br \/>\n<\/strong>&#8211; Acompanha bancada de trabalho de altura padr\u00e3o 75cm.<br \/>\n&#8211; Eixo maci\u00e7o de 2,5&#8243; em a\u00e7o 1045.<br \/>\n&#8211; Sistema de movimenta\u00e7\u00e3o do eixo m\u00f3vel por gravidade. Muito mais durabilidade para seu equipamento.<\/p>\n<p><span style=\"color: red;\">FRETE POR CONTA DO COMPRADOR.<\/span><\/p>\n<p><strong>IMAGEM ILUSTRATIVA<\/strong><\/p>\n","protected":false},"excerpt":{"rendered":"<p>C\u00f3digo: CCHMN215<br \/>\nMarca: Casa da Calandra<br \/>\nModelo: CCHMN215<br \/>\nGarantia:\u00a0<strong>3 meses contra defeitos de fabrica\u00e7\u00e3o<br \/>\n<span style=\"color: red;\">ATEN\u00c7\u00c3O: 5 \u00e0 15 dias \u00fateis para produ\u00e7\u00e3o e envio.<\/span><br \/>\n<\/strong><\/p>\n","protected":false},"featured_media":1104,"comment_status":"open","ping_status":"closed","template":"","meta":[],"product_brand":[],"product_cat":[27],"product_tag":[],"class_list":{"0":"post-456","1":"product","2":"type-product","3":"status-publish","4":"has-post-thumbnail","6":"product_cat-calandra-para-chapas","8":"first","9":"instock","10":"shipping-taxable","11":"purchasable","12":"product-type-simple"},"_links":{"self":[{"href":"https:\/\/desenvolveaqui.com.br\/calandra\/wp-json\/wp\/v2\/product\/456","targetHints":{"allow":["GET"]}}],"collection":[{"href":"https:\/\/desenvolveaqui.com.br\/calandra\/wp-json\/wp\/v2\/product"}],"about":[{"href":"https:\/\/desenvolveaqui.com.br\/calandra\/wp-json\/wp\/v2\/types\/product"}],"replies":[{"embeddable":true,"href":"https:\/\/desenvolveaqui.com.br\/calandra\/wp-json\/wp\/v2\/comments?post=456"}],"wp:featuredmedia":[{"embeddable":true,"href":"https:\/\/desenvolveaqui.com.br\/calandra\/wp-json\/wp\/v2\/media\/1104"}],"wp:attachment":[{"href":"https:\/\/desenvolveaqui.com.br\/calandra\/wp-json\/wp\/v2\/media?parent=456"}],"wp:term":[{"taxonomy":"product_brand","embeddable":true,"href":"https:\/\/desenvolveaqui.com.br\/calandra\/wp-json\/wp\/v2\/product_brand?post=456"},{"taxonomy":"product_cat","embeddable":true,"href":"https:\/\/desenvolveaqui.com.br\/calandra\/wp-json\/wp\/v2\/product_cat?post=456"},{"taxonomy":"product_tag","embeddable":true,"href":"https:\/\/desenvolveaqui.com.br\/calandra\/wp-json\/wp\/v2\/product_tag?post=456"}],"curies":[{"name":"wp","href":"https:\/\/api.w.org\/{rel}","templated":true}]}}