{"id":468,"date":"2025-09-08T11:53:18","date_gmt":"2025-09-08T14:53:18","guid":{"rendered":"https:\/\/desenvolveaqui.com.br\/calandra\/?post_type=product&#038;p=468"},"modified":"2025-11-25T16:22:59","modified_gmt":"2025-11-25T19:22:59","slug":"calandra-de-chapas-manual","status":"publish","type":"product","link":"https:\/\/desenvolveaqui.com.br\/calandra\/produtos\/calandra-de-chapas-manual\/","title":{"rendered":"Calandra de Chapas manual"},"content":{"rendered":"<p>Calandra de Chapas Inicial com acionamento motorizada<\/p>\n<p>Calandra para chapas manual<\/p>\n<p><strong>\u00c1rea \u00fatil<\/strong><br \/>\n-1,30m x 1,2mm &#8211; 6490<\/p>\n<p>Frisadeira manual n\u00famero 03 &#8211; 2250<\/p>\n<p><span style=\"color: red;\">FRETE POR CONTA DO COMPRADOR.<\/span><\/p>\n<p><strong>IMAGEM ILUSTRATIVA<\/strong><\/p>\n","protected":false},"excerpt":{"rendered":"<p>C\u00f3digo: 1703611564445<br \/>\nMarca: Casa da Calandra<br \/>\nModelo: CCHMN213<br \/>\nGarantia:\u00a0<strong>3 meses contra defeitos de fabrica\u00e7\u00e3o<br \/>\n<span style=\"color: red;\">ATEN\u00c7\u00c3O: 5 \u00e0 15 dias \u00fateis para produ\u00e7\u00e3o e envio.<\/span><br \/>\n<\/strong><\/p>\n","protected":false},"featured_media":1104,"comment_status":"open","ping_status":"closed","template":"","meta":[],"product_brand":[],"product_cat":[27],"product_tag":[],"class_list":{"0":"post-468","1":"product","2":"type-product","3":"status-publish","4":"has-post-thumbnail","6":"product_cat-calandra-para-chapas","8":"first","9":"instock","10":"shipping-taxable","11":"purchasable","12":"product-type-simple"},"_links":{"self":[{"href":"https:\/\/desenvolveaqui.com.br\/calandra\/wp-json\/wp\/v2\/product\/468","targetHints":{"allow":["GET"]}}],"collection":[{"href":"https:\/\/desenvolveaqui.com.br\/calandra\/wp-json\/wp\/v2\/product"}],"about":[{"href":"https:\/\/desenvolveaqui.com.br\/calandra\/wp-json\/wp\/v2\/types\/product"}],"replies":[{"embeddable":true,"href":"https:\/\/desenvolveaqui.com.br\/calandra\/wp-json\/wp\/v2\/comments?post=468"}],"wp:featuredmedia":[{"embeddable":true,"href":"https:\/\/desenvolveaqui.com.br\/calandra\/wp-json\/wp\/v2\/media\/1104"}],"wp:attachment":[{"href":"https:\/\/desenvolveaqui.com.br\/calandra\/wp-json\/wp\/v2\/media?parent=468"}],"wp:term":[{"taxonomy":"product_brand","embeddable":true,"href":"https:\/\/desenvolveaqui.com.br\/calandra\/wp-json\/wp\/v2\/product_brand?post=468"},{"taxonomy":"product_cat","embeddable":true,"href":"https:\/\/desenvolveaqui.com.br\/calandra\/wp-json\/wp\/v2\/product_cat?post=468"},{"taxonomy":"product_tag","embeddable":true,"href":"https:\/\/desenvolveaqui.com.br\/calandra\/wp-json\/wp\/v2\/product_tag?post=468"}],"curies":[{"name":"wp","href":"https:\/\/api.w.org\/{rel}","templated":true}]}}