{"id":477,"date":"2025-09-08T12:27:51","date_gmt":"2025-09-08T15:27:51","guid":{"rendered":"https:\/\/desenvolveaqui.com.br\/calandra\/?post_type=product&#038;p=477"},"modified":"2025-11-17T15:27:31","modified_gmt":"2025-11-17T18:27:31","slug":"calandra-para-tubos-e-perfis-m3-motorizada","status":"publish","type":"product","link":"https:\/\/desenvolveaqui.com.br\/calandra\/produtos\/calandra-para-tubos-e-perfis-m3-motorizada\/","title":{"rendered":"CALANDRA PARA TUBOS E PERFIS M3 MOTORIZADA"},"content":{"rendered":"<p><strong>Calandra para Tubos e Perfil de at\u00e9 3,5&#8243; polegadas:<\/strong><\/p>\n<p><strong>Motor:<\/strong> Trif\u00e1sico, 2 cv, liga\u00e7\u00e3o-plug industrial 3P+T 16A 220V<\/p>\n<p>Acompanha 01 jogo de matriz. Medida \u00e0 escolha do comprador.<br \/>\n(Mais jogos devem ser comprados separados e informadas as medidas por email vendas@casadacalandra.com.br).<\/p>\n<p><strong>Capacidades m\u00e1ximas.<\/strong><\/p>\n<p><strong>Tubo Redondo (pol x mm) Ferro:<\/strong><br \/>\n3.1\/2&#8243; x 1,2 mm<br \/>\n3\u201d x 1,5mm<br \/>\n2.1\/2&#8243; x 1,8mm<br \/>\n2\u201d x 2,2mm<\/p>\n<p><strong>Tubo de Alum\u00ednio:<\/strong><br \/>\n3.1\/2&#8243; x 2 mm<br \/>\n3 &#8221; x 2 mm<\/p>\n<p><strong>Tubo de Inox:<\/strong><br \/>\n3.1\/2&#8243; x 0,6 mm ;<br \/>\n3\u201d x 0,75 mm;<br \/>\n2.1\/2&#8243; x 0,9mm;<br \/>\n2\u201d x 1,2 mm.<\/p>\n<p><strong>Tubo Quadrado (mm x mm) Ferro:<\/strong><br \/>\n75 mm x 1,5 mm<\/p>\n<p><strong>Tubo Quadrado Alum\u00ednio:<\/strong><br \/>\n80 mm x 2 mm<\/p>\n<p><span style=\"color: red;\">FRETE POR CONTA DO COMPRADOR.<\/span><\/p>\n<p><strong>IMAGEM ILUSTRATIVA<\/strong><\/p>\n","protected":false},"excerpt":{"rendered":"<p>C\u00f3digo: <strong>1729711469588<\/strong><br \/>\nMarca: <strong>Casa da Calandra<\/strong><br \/>\nModelo: <strong>M3<\/strong><br \/>\nGarantia:\u00a0<strong>3 meses contra defeitos de fabrica\u00e7\u00e3o<br \/>\n<span style=\"color: red;\">ATEN\u00c7\u00c3O: 5 \u00e0 15 dias \u00fateis para produ\u00e7\u00e3o e envio.<\/span><br \/>\n<\/strong><\/p>\n","protected":false},"featured_media":1106,"comment_status":"open","ping_status":"closed","template":"","meta":[],"product_brand":[],"product_cat":[28],"product_tag":[],"class_list":{"0":"post-477","1":"product","2":"type-product","3":"status-publish","4":"has-post-thumbnail","6":"product_cat-tubos-e-perfis","8":"first","9":"instock","10":"sale","11":"shipping-taxable","12":"purchasable","13":"product-type-simple"},"_links":{"self":[{"href":"https:\/\/desenvolveaqui.com.br\/calandra\/wp-json\/wp\/v2\/product\/477","targetHints":{"allow":["GET"]}}],"collection":[{"href":"https:\/\/desenvolveaqui.com.br\/calandra\/wp-json\/wp\/v2\/product"}],"about":[{"href":"https:\/\/desenvolveaqui.com.br\/calandra\/wp-json\/wp\/v2\/types\/product"}],"replies":[{"embeddable":true,"href":"https:\/\/desenvolveaqui.com.br\/calandra\/wp-json\/wp\/v2\/comments?post=477"}],"wp:featuredmedia":[{"embeddable":true,"href":"https:\/\/desenvolveaqui.com.br\/calandra\/wp-json\/wp\/v2\/media\/1106"}],"wp:attachment":[{"href":"https:\/\/desenvolveaqui.com.br\/calandra\/wp-json\/wp\/v2\/media?parent=477"}],"wp:term":[{"taxonomy":"product_brand","embeddable":true,"href":"https:\/\/desenvolveaqui.com.br\/calandra\/wp-json\/wp\/v2\/product_brand?post=477"},{"taxonomy":"product_cat","embeddable":true,"href":"https:\/\/desenvolveaqui.com.br\/calandra\/wp-json\/wp\/v2\/product_cat?post=477"},{"taxonomy":"product_tag","embeddable":true,"href":"https:\/\/desenvolveaqui.com.br\/calandra\/wp-json\/wp\/v2\/product_tag?post=477"}],"curies":[{"name":"wp","href":"https:\/\/api.w.org\/{rel}","templated":true}]}}