{"id":479,"date":"2025-09-08T12:45:43","date_gmt":"2025-09-08T15:45:43","guid":{"rendered":"https:\/\/desenvolveaqui.com.br\/calandra\/?post_type=product&#038;p=479"},"modified":"2025-11-25T17:28:33","modified_gmt":"2025-11-25T20:28:33","slug":"calandra-para-tubos-e-perfis-mn1-manual","status":"publish","type":"product","link":"https:\/\/desenvolveaqui.com.br\/calandra\/produtos\/calandra-para-tubos-e-perfis-mn1-manual\/","title":{"rendered":"CALANDRA PARA TUBOS E PERFIS MN1 (MANUAL)"},"content":{"rendered":"<p><strong>Calandra para Tubos e Perfis MANUAL de at\u00e9 1 1\/4&#8243; polegadas (32mm):<\/strong><\/p>\n<p>Acompanha 01 jogo de matriz. Medida \u00e0 escolha do comprador.<br \/>\n(Mais jogos devem ser comprados separados e informadas as medidas por email vendas@casadacalandra.com.br).<\/p>\n<p><strong>Capacidades m\u00e1ximas para ferro:<br \/>\nTubo de Ferro<br \/>\n<\/strong>&#8211; 1 1\/4&#8243; x 1,5 mm<\/p>\n<p><strong>Tubo Quadrado &#8211; Ferro<br \/>\n<\/strong>&#8211; 30 mm x 30 mm x 1,5 mm<\/p>\n<p><strong>Capacidades m\u00e1ximas para alum\u00ednio:<\/strong><br \/>\n<strong>Tubo de Alum\u00ednio<br \/>\n<\/strong>&#8211; 1 1\/4&#8243; x 2 mm<\/p>\n<p><strong>Tubo Quadrado<br \/>\n<\/strong>&#8211; Alum\u00ednio &#8211; 30 mm x 30 mm x 2 mm<\/p>\n<p>Entende-se ferro como o padr\u00e3o para durezas equivalentes a chapa 1020.<\/p>\n<p>Matrizes em Polioximetileno, que garantem maior tra\u00e7\u00e3o, sem desgaste.<\/p>\n<p>Com a calandra da Casa das Calandras voc\u00ea curva tubos e perfis met\u00e1licos at\u00e9 formar uma circunfer\u00eancia completa se necess\u00e1rio.<\/p>\n<p>Realize os mais diversos trabalhos com esse equipamento, muito \u00fatil na fabrica\u00e7\u00e3o de corrim\u00f5es, toldos, grades e port\u00f5es, estruturas met\u00e1licas, fabrica\u00e7\u00e3o de quadros de bicicletas e motocicletas, use sua criatividade e compet\u00eancia aliada a praticidade e agilidade dessa ferramenta cada vez mais indispens\u00e1vel.<\/p>\n<p><span style=\"color: red;\">FRETE POR CONTA DO COMPRADOR.<\/span><\/p>\n<p><strong>IMAGEM ILUSTRATIVA<\/strong><\/p>\n","protected":false},"excerpt":{"rendered":"<p>C\u00f3digo: <strong>1619696941104<\/strong><br \/>\nMarca: <strong>Casa da Calandra<\/strong><br \/>\nModelo: <strong>CTBMN1<\/strong><br \/>\nGarantia:\u00a0<strong>6 meses contra defeitos de fabrica\u00e7\u00e3o<br \/>\n<span style=\"color: red;\">ATEN\u00c7\u00c3O: 5 \u00e0 15 dias \u00fateis para produ\u00e7\u00e3o e envio.<\/span><br \/>\n<\/strong><\/p>\n","protected":false},"featured_media":1217,"comment_status":"open","ping_status":"closed","template":"","meta":[],"product_brand":[],"product_cat":[28],"product_tag":[],"class_list":{"0":"post-479","1":"product","2":"type-product","3":"status-publish","4":"has-post-thumbnail","6":"product_cat-tubos-e-perfis","8":"first","9":"instock","10":"shipping-taxable","11":"purchasable","12":"product-type-simple"},"_links":{"self":[{"href":"https:\/\/desenvolveaqui.com.br\/calandra\/wp-json\/wp\/v2\/product\/479","targetHints":{"allow":["GET"]}}],"collection":[{"href":"https:\/\/desenvolveaqui.com.br\/calandra\/wp-json\/wp\/v2\/product"}],"about":[{"href":"https:\/\/desenvolveaqui.com.br\/calandra\/wp-json\/wp\/v2\/types\/product"}],"replies":[{"embeddable":true,"href":"https:\/\/desenvolveaqui.com.br\/calandra\/wp-json\/wp\/v2\/comments?post=479"}],"wp:featuredmedia":[{"embeddable":true,"href":"https:\/\/desenvolveaqui.com.br\/calandra\/wp-json\/wp\/v2\/media\/1217"}],"wp:attachment":[{"href":"https:\/\/desenvolveaqui.com.br\/calandra\/wp-json\/wp\/v2\/media?parent=479"}],"wp:term":[{"taxonomy":"product_brand","embeddable":true,"href":"https:\/\/desenvolveaqui.com.br\/calandra\/wp-json\/wp\/v2\/product_brand?post=479"},{"taxonomy":"product_cat","embeddable":true,"href":"https:\/\/desenvolveaqui.com.br\/calandra\/wp-json\/wp\/v2\/product_cat?post=479"},{"taxonomy":"product_tag","embeddable":true,"href":"https:\/\/desenvolveaqui.com.br\/calandra\/wp-json\/wp\/v2\/product_tag?post=479"}],"curies":[{"name":"wp","href":"https:\/\/api.w.org\/{rel}","templated":true}]}}