{"id":481,"date":"2025-09-08T12:48:31","date_gmt":"2025-09-08T15:48:31","guid":{"rendered":"https:\/\/desenvolveaqui.com.br\/calandra\/?post_type=product&#038;p=481"},"modified":"2025-11-25T17:29:33","modified_gmt":"2025-11-25T20:29:33","slug":"calandra-para-tubos-e-perfis-mn2","status":"publish","type":"product","link":"https:\/\/desenvolveaqui.com.br\/calandra\/produtos\/calandra-para-tubos-e-perfis-mn2\/","title":{"rendered":"CALANDRA PARA TUBOS E PERFIS MN2"},"content":{"rendered":"<p><strong>Calandra para Tubos e Perfil at\u00e9 2&#8243; Polegadas<\/strong><\/p>\n<p>Acompanha 01 jogo de matriz. Medida \u00e0 escolha do comprador.<br \/>\n(Mais jogos devem ser comprados separados e informadas as medidas por email vendas@casadacalandra.com.br).<\/p>\n<p><strong>Capacidades m\u00e1ximas:<br \/>\nTubo de Ferro:<br \/>\n<\/strong>2&#8243; x 1,5mm \/ 1.1\/2&#8243; x 1,8mm \/ 1&#8243; x 2,4mm<\/p>\n<p><strong>Tubo de Alum\u00ednio:<br \/>\n<\/strong>2&#8243; x 2mm<\/p>\n<p><strong>Tubo Inox<\/strong>:<br \/>\n2&#8243; x 0,75mm \/ 1.1\/2&#8243; x 0,9mm \/ 1&#8243; x 1,2mm<\/p>\n<p><strong>Tubo Quadrado<br \/>\n<\/strong>&#8211; Ferro: 50 mm x 1,5 mm<\/p>\n<p><strong>Tubo Quadrado<br \/>\n<\/strong>&#8211; Alum\u00ednio: 50 mm x 2 mm<\/p>\n<p>Entende-se ferro como o padr\u00e3o para durezas equivalentes a chapa 1020.<br \/>\nMatrizes em Polioximetileno, que garantem maior tra\u00e7\u00e3o, sem desgaste e sem marcar as pe\u00e7as.<\/p>\n<p>Com a calandra da Casa das Calandras voc\u00ea curva tubos e perfis met\u00e1licos at\u00e9 formar uma circunfer\u00eancia completa se necess\u00e1rio.<\/p>\n<p><span style=\"color: red;\">FRETE POR CONTA DO COMPRADOR.<\/span><\/p>\n<p><strong>IMAGEM ILUSTRATIVA<\/strong><\/p>\n","protected":false},"excerpt":{"rendered":"<p>C\u00f3digo: <strong>M2<\/strong><br \/>\nMarca: <strong>Casa da Calandra<\/strong><br \/>\nModelo: <strong>M2<\/strong><br \/>\nGarantia:\u00a0<strong>6 meses contra defeitos de fabrica\u00e7\u00e3o<br \/>\n<span style=\"color: red;\">ATEN\u00c7\u00c3O: 5 \u00e0 15 dias \u00fateis para produ\u00e7\u00e3o e envio.<\/span><br \/>\n<\/strong><\/p>\n","protected":false},"featured_media":1105,"comment_status":"open","ping_status":"closed","template":"","meta":[],"product_brand":[],"product_cat":[28],"product_tag":[],"class_list":{"0":"post-481","1":"product","2":"type-product","3":"status-publish","4":"has-post-thumbnail","6":"product_cat-tubos-e-perfis","8":"first","9":"instock","10":"sale","11":"shipping-taxable","12":"purchasable","13":"product-type-simple"},"_links":{"self":[{"href":"https:\/\/desenvolveaqui.com.br\/calandra\/wp-json\/wp\/v2\/product\/481","targetHints":{"allow":["GET"]}}],"collection":[{"href":"https:\/\/desenvolveaqui.com.br\/calandra\/wp-json\/wp\/v2\/product"}],"about":[{"href":"https:\/\/desenvolveaqui.com.br\/calandra\/wp-json\/wp\/v2\/types\/product"}],"replies":[{"embeddable":true,"href":"https:\/\/desenvolveaqui.com.br\/calandra\/wp-json\/wp\/v2\/comments?post=481"}],"wp:featuredmedia":[{"embeddable":true,"href":"https:\/\/desenvolveaqui.com.br\/calandra\/wp-json\/wp\/v2\/media\/1105"}],"wp:attachment":[{"href":"https:\/\/desenvolveaqui.com.br\/calandra\/wp-json\/wp\/v2\/media?parent=481"}],"wp:term":[{"taxonomy":"product_brand","embeddable":true,"href":"https:\/\/desenvolveaqui.com.br\/calandra\/wp-json\/wp\/v2\/product_brand?post=481"},{"taxonomy":"product_cat","embeddable":true,"href":"https:\/\/desenvolveaqui.com.br\/calandra\/wp-json\/wp\/v2\/product_cat?post=481"},{"taxonomy":"product_tag","embeddable":true,"href":"https:\/\/desenvolveaqui.com.br\/calandra\/wp-json\/wp\/v2\/product_tag?post=481"}],"curies":[{"name":"wp","href":"https:\/\/api.w.org\/{rel}","templated":true}]}}