{"id":547,"date":"2025-09-10T17:11:39","date_gmt":"2025-09-10T20:11:39","guid":{"rendered":"https:\/\/desenvolveaqui.com.br\/calandra\/?post_type=product&#038;p=547"},"modified":"2025-11-25T17:30:40","modified_gmt":"2025-11-25T20:30:40","slug":"frisadeira-motorizada-n3","status":"publish","type":"product","link":"https:\/\/desenvolveaqui.com.br\/calandra\/produtos\/frisadeira-motorizada-n3\/","title":{"rendered":"Frisadeira Motorizada (n3)"},"content":{"rendered":"<p><strong>FRISADEIRA N\u00b03<\/strong><\/p>\n<p>Com a Frisadeira da Casa da Calandra voc\u00ea pode Bordear e Frisar chapas met\u00e1licas facilmente a fim de fazer refor\u00e7o ou encaixe de uni\u00f5es para soldagem.<\/p>\n<div class=\"video_produto\">\n<p><iframe title=\"Frisadeira para chapas motorizada. Casa da Calandra. 41-3402-2698 \/ 41-99888-8928 whatsapp\" width=\"800\" height=\"450\" src=\"https:\/\/www.youtube.com\/embed\/MBCgD2nU8h0?feature=oembed\" frameborder=\"0\" allow=\"accelerometer; autoplay; clipboard-write; encrypted-media; gyroscope; picture-in-picture; web-share\" referrerpolicy=\"strict-origin-when-cross-origin\" allowfullscreen><\/iframe><\/p>\n<\/div>\n<p>&nbsp;<\/p>\n<p><strong>Motor:<\/strong> Trif\u00e1sico, 1cv, liga\u00e7\u00e3o-plug industrial 3P+T 16A 220V<\/p>\n<p><strong>Caracter\u00edsticas:<br \/>\n<\/strong>-Acompanha 3 jogos de ferramentas (matrizes);<br \/>\n-Para chapas em a\u00e7o carbono 1020 at\u00e9 bitola 18 (1,27mm)<br \/>\n-Profundidade de trabalho: 0 a 120mm<\/p>\n<p>Em caso de d\u00favidas n\u00e3o exite em entrar em contato conosco, temos uma equipe sempre pronta para esclarecer seus questionamentos.<\/p>\n<p><strong>Bordear:<\/strong><br \/>\nExecutar dobras raiadas (at\u00e9 360\u00ba) nas extremidades podendo ser retas, redondas ou em outro formato, com a finalidade de refor\u00e7ar ou fazer encaixe para uni\u00f5es com ou sem soldagem, acabamento, seguran\u00e7a ou est\u00e9tica.<\/p>\n<p><strong>Frisar:<\/strong><br \/>\nExecutar dobras em formato de meia lua em qualquer ponto de pe\u00e7as em chapas met\u00e1licas (retas ou cil\u00edndricas) visando aumentar sua resist\u00eancia, promovendo limita\u00e7\u00f5es de encaixes, crava\u00e7\u00e3o (uni\u00e3o sem solda), seguran\u00e7a ou est\u00e9tica.<\/p>\n<p><span style=\"color: red;\">FRETE POR CONTA DO COMPRADOR.<\/span><\/p>\n<p><strong>IMAGEM ILUSTRATIVA<\/strong><\/p>\n","protected":false},"excerpt":{"rendered":"<p>C\u00f3digo: <strong>1611678785327<\/strong><br \/>\nMarca: <strong>Casa da Calandra<\/strong><br \/>\nModelo: <strong>FRMT3<\/strong><br \/>\nGarantia:\u00a0<strong>6 meses contra defeitos de fabrica\u00e7\u00e3o<br \/>\n<span style=\"color: red;\">ATEN\u00c7\u00c3O: 5 \u00e0 15 dias \u00fateis para produ\u00e7\u00e3o e envio.<\/span><br \/>\n<\/strong><\/p>\n","protected":false},"featured_media":1100,"comment_status":"open","ping_status":"closed","template":"","meta":[],"product_brand":[],"product_cat":[29],"product_tag":[],"class_list":{"0":"post-547","1":"product","2":"type-product","3":"status-publish","4":"has-post-thumbnail","6":"product_cat-frisadeira","8":"first","9":"instock","10":"shipping-taxable","11":"purchasable","12":"product-type-simple"},"_links":{"self":[{"href":"https:\/\/desenvolveaqui.com.br\/calandra\/wp-json\/wp\/v2\/product\/547","targetHints":{"allow":["GET"]}}],"collection":[{"href":"https:\/\/desenvolveaqui.com.br\/calandra\/wp-json\/wp\/v2\/product"}],"about":[{"href":"https:\/\/desenvolveaqui.com.br\/calandra\/wp-json\/wp\/v2\/types\/product"}],"replies":[{"embeddable":true,"href":"https:\/\/desenvolveaqui.com.br\/calandra\/wp-json\/wp\/v2\/comments?post=547"}],"wp:featuredmedia":[{"embeddable":true,"href":"https:\/\/desenvolveaqui.com.br\/calandra\/wp-json\/wp\/v2\/media\/1100"}],"wp:attachment":[{"href":"https:\/\/desenvolveaqui.com.br\/calandra\/wp-json\/wp\/v2\/media?parent=547"}],"wp:term":[{"taxonomy":"product_brand","embeddable":true,"href":"https:\/\/desenvolveaqui.com.br\/calandra\/wp-json\/wp\/v2\/product_brand?post=547"},{"taxonomy":"product_cat","embeddable":true,"href":"https:\/\/desenvolveaqui.com.br\/calandra\/wp-json\/wp\/v2\/product_cat?post=547"},{"taxonomy":"product_tag","embeddable":true,"href":"https:\/\/desenvolveaqui.com.br\/calandra\/wp-json\/wp\/v2\/product_tag?post=547"}],"curies":[{"name":"wp","href":"https:\/\/api.w.org\/{rel}","templated":true}]}}