{"id":280,"date":"2026-03-11T21:25:24","date_gmt":"2026-03-12T00:25:24","guid":{"rendered":"https:\/\/desenvolveaqui.com.br\/calandrav2\/produto\/calandra-para-tubos-e-perfis-mt2-c-protecao-e-botao-de-panico\/"},"modified":"2026-04-13T20:14:31","modified_gmt":"2026-04-13T23:14:31","slug":"calandra-para-tubos-e-perfis-mt2-c-protecao-e-botao-de-panico","status":"publish","type":"product","link":"https:\/\/desenvolveaqui.com.br\/calandrav2\/produto\/calandra-para-tubos-e-perfis-mt2-c-protecao-e-botao-de-panico\/","title":{"rendered":"CALANDRA PARA TUBOS E PERFIS MT2 c\/ Prote\u00e7\u00e3o e bot\u00e3o de p\u00e2nico"},"content":{"rendered":"<p><strong>Motor:<\/strong> Trif\u00e1sico, 1cv, liga\u00e7\u00e3o-plug industrial 3P+T 16A 220V<\/p>\n<p>Com Carenagem de prote\u00e7\u00e3o e Bot\u00e3o de p\u00e2nico.<\/p>\n<p>Ainda mais seguran\u00e7a para seu equipamento.<\/p>\n<p>Acompanha 01 jogo de matriz para uma 5\/8 redondo e uma para barra chata de 1 1\/2\u201d na horizontal.<br \/>\n(Mais jogos devem ser comprados separados e informadas as medidas por email vendas@casadacalandra.com.br).<\/p>\n<p>&nbsp;<\/p>\n<p><strong>Capacidades m\u00e1ximas.<\/strong><\/p>\n<p><strong>Tubo de Ferro:<br \/>\n<\/strong>2.1\/2&#8243; X 1,2 mm;<br \/>\n2&#8243; x 1,5mm;<br \/>\n1.1\/2&#8243; x 1,8mm;<br \/>\n1&#8243; x 2,4mm<\/p>\n<p><strong>Tubo de Alum\u00ednio:<br \/>\n<\/strong>2.1\/2&#8243; x 2 mm<br \/>\n2&#8243; x 2mm<\/p>\n<p><strong>Tubo Inox:<\/strong><br \/>\n2.1\/2&#8243; x 0,6 mm;<br \/>\n2&#8243; x 0,75mm;<br \/>\n1.1\/2&#8243; x 0,9mm;<br \/>\n1&#8243; x 1,2mm<\/p>\n<p>Tubo Quadrado &#8211; Ferro: 50 mm x 1,5 mm<br \/>\nTubo Quadrado &#8211; Alum\u00ednio: 50 mm x 2 mm<\/p>\n<p>Entende-se ferro como o padr\u00e3o para durezas equivalentes a chapa 1020.<\/p>\n<p>Matrizes em Polioximetileno, que garantem maior tra\u00e7\u00e3o, sem desgaste.<\/p>\n<p>Com a calandra da Casa das Calandras voc\u00ea curva tubos e perfis met\u00e1licos at\u00e9 formar uma circunfer\u00eancia completa se necess\u00e1rio.<\/p>\n<p>Realize os mais diversos trabalhos com esse equipamento, muito \u00fatil na fabrica\u00e7\u00e3o de corrim\u00f5es, toldos, grades e port\u00f5es, estruturas met\u00e1licas, fabrica\u00e7\u00e3o de quadros de bicicletas e motocicletas, use sua criatividade e compet\u00eancia aliada a praticidade e agilidade dessa ferramenta cada vez mais indispens\u00e1vel.<\/p>\n<p><span style=\"color: red\">FRETE POR CONTA DO COMPRADOR.<\/span><\/p>\n<p><strong>IMAGEM ILUSTRATIVA<\/strong><\/p>\n","protected":false},"excerpt":{"rendered":"<p>C\u00f3digo: <strong>1585919496788<\/strong><br \/>\nMarca: <strong>Casa da Calandra<\/strong><br \/>\nModelo: <strong>Com capa de prote\u00e7\u00e3o e bot\u00e3o de emerg\u00eancia<\/strong><br \/>\nGarantia:\u00a0<strong>6 meses contra defeitos de fabrica\u00e7\u00e3o<br \/>\n<span style=\"color: red\">ATEN\u00c7\u00c3O: 5 \u00e0 15 dias \u00fateis para produ\u00e7\u00e3o e envio.<\/span><br \/>\n<\/strong><\/p>\n","protected":false},"featured_media":281,"comment_status":"open","ping_status":"closed","template":"","meta":[],"product_brand":[35],"product_cat":[26],"product_tag":[38],"class_list":{"0":"post-280","1":"product","2":"type-product","3":"status-publish","4":"has-post-thumbnail","6":"product_brand-casa-da-calandra","7":"product_cat-calandra-para-tubos-e-perfis","8":"product_tag-5-a-15-dias-uteis","10":"first","11":"onbackorder","12":"shipping-taxable","13":"purchasable","14":"product-type-simple"},"_links":{"self":[{"href":"https:\/\/desenvolveaqui.com.br\/calandrav2\/wp-json\/wp\/v2\/product\/280","targetHints":{"allow":["GET"]}}],"collection":[{"href":"https:\/\/desenvolveaqui.com.br\/calandrav2\/wp-json\/wp\/v2\/product"}],"about":[{"href":"https:\/\/desenvolveaqui.com.br\/calandrav2\/wp-json\/wp\/v2\/types\/product"}],"replies":[{"embeddable":true,"href":"https:\/\/desenvolveaqui.com.br\/calandrav2\/wp-json\/wp\/v2\/comments?post=280"}],"wp:featuredmedia":[{"embeddable":true,"href":"https:\/\/desenvolveaqui.com.br\/calandrav2\/wp-json\/wp\/v2\/media\/281"}],"wp:attachment":[{"href":"https:\/\/desenvolveaqui.com.br\/calandrav2\/wp-json\/wp\/v2\/media?parent=280"}],"wp:term":[{"taxonomy":"product_brand","embeddable":true,"href":"https:\/\/desenvolveaqui.com.br\/calandrav2\/wp-json\/wp\/v2\/product_brand?post=280"},{"taxonomy":"product_cat","embeddable":true,"href":"https:\/\/desenvolveaqui.com.br\/calandrav2\/wp-json\/wp\/v2\/product_cat?post=280"},{"taxonomy":"product_tag","embeddable":true,"href":"https:\/\/desenvolveaqui.com.br\/calandrav2\/wp-json\/wp\/v2\/product_tag?post=280"}],"curies":[{"name":"wp","href":"https:\/\/api.w.org\/{rel}","templated":true}]}}