{"id":292,"date":"2026-03-11T21:25:26","date_gmt":"2026-03-12T00:25:26","guid":{"rendered":"https:\/\/desenvolveaqui.com.br\/calandrav2\/produto\/calandra-para-tubos-e-perfis-m2-2cv\/"},"modified":"2026-04-13T20:14:25","modified_gmt":"2026-04-13T23:14:25","slug":"calandra-para-tubos-e-perfis-m2-2cv","status":"publish","type":"product","link":"https:\/\/desenvolveaqui.com.br\/calandrav2\/produto\/calandra-para-tubos-e-perfis-m2-2cv\/","title":{"rendered":"CALANDRA PARA TUBOS E PERFIS M2 2CV"},"content":{"rendered":"<p>Motor: <strong>Trif\u00e1sico, 1cv, liga\u00e7\u00e3o-plug industrial 3P+T 16A 220V<\/strong><\/p>\n<p>Acompanha 01 jogo de matriz. Medida \u00e0 escolha do comprador.<\/p>\n<p>(Mais jogos devem ser comprados separados e informadas as medidas por email vendas@casadacalandra.com.br).<\/p>\n<p>Capacidades m\u00e1ximas.<\/p>\n<p><strong>Tubo de Ferro:<\/strong><br \/>\n2.1\/2&#8243; X 1,2 mm;<br \/>\n2&#8243; x 1,5mm;<br \/>\n1.1\/2&#8243; x 1,8mm;<br \/>\n1&#8243; x 2,4mm<\/p>\n<p><strong>Tubo de Alum\u00ednio:<\/strong><br \/>\n2.1\/2&#8243; x 2 mm<br \/>\n2&#8243; x 2mm<\/p>\n<p><strong>Tubo Inox:<\/strong><br \/>\n2.1\/2&#8243; x 0,6 mm;<br \/>\n2&#8243; x 0,75mm;<br \/>\n1.1\/2&#8243; x 0,9mm;<br \/>\n1&#8243; x 1,2mm<\/p>\n<p><strong>Tubo Quadrado;<\/strong><br \/>\n&#8211; Ferro: 50 mm x 1,5 mm<\/p>\n<p><strong>Tubo Quadrado;<\/strong><br \/>\n&#8211; Alum\u00ednio: 50 mm x 2 mm<\/p>\n<p>Entende-se ferro como o padr\u00e3o para durezas equivalentes a chapa 1020.<\/p>\n<p>Matrizes em Polioximetileno, que garantem maior tra\u00e7\u00e3o, sem desgaste.<\/p>\n<p>Com a calandra da Casa das Calandras voc\u00ea curva tubos e perfis met\u00e1licos at\u00e9 formar uma circunfer\u00eancia completa se necess\u00e1rio.<\/p>\n<p>Realize os mais diversos trabalhos com esse equipamento, muito \u00fatil na fabrica\u00e7\u00e3o de corrim\u00f5es, toldos, grades e port\u00f5es, estruturas met\u00e1licas, fabrica\u00e7\u00e3o de quadros de bicicletas e motocicletas, use sua criatividade e compet\u00eancia aliada a praticidade e agilidade dessa ferramenta cada vez mais indispens\u00e1vel.<\/p>\n<p><span style=\"color: red\">FRETE POR CONTA DO COMPRADOR.<\/span><\/p>\n<p><strong>IMAGEM ILUSTRATIVA<\/strong><\/p>\n","protected":false},"excerpt":{"rendered":"<p>C\u00f3digo:\u00a0<strong>1613129758583<\/strong><br \/>\nMarca:\u00a0<strong>Casa da Calandra<\/strong><br \/>\nModelo:\u00a0<strong>M2 2CV<\/strong><br \/>\nGarantia:\u00a0<strong>6 meses contra defeitos de fabrica\u00e7\u00e3o<br \/>\n<span style=\"color: red\">ATEN\u00c7\u00c3O: 5 \u00e0 15 dias \u00fateis para produ\u00e7\u00e3o e envio.<\/span><br \/>\n<\/strong><\/p>\n","protected":false},"featured_media":293,"comment_status":"open","ping_status":"closed","template":"","meta":[],"product_brand":[35],"product_cat":[26],"product_tag":[38],"class_list":{"0":"post-292","1":"product","2":"type-product","3":"status-publish","4":"has-post-thumbnail","6":"product_brand-casa-da-calandra","7":"product_cat-calandra-para-tubos-e-perfis","8":"product_tag-5-a-15-dias-uteis","10":"first","11":"onbackorder","12":"shipping-taxable","13":"purchasable","14":"product-type-simple"},"_links":{"self":[{"href":"https:\/\/desenvolveaqui.com.br\/calandrav2\/wp-json\/wp\/v2\/product\/292","targetHints":{"allow":["GET"]}}],"collection":[{"href":"https:\/\/desenvolveaqui.com.br\/calandrav2\/wp-json\/wp\/v2\/product"}],"about":[{"href":"https:\/\/desenvolveaqui.com.br\/calandrav2\/wp-json\/wp\/v2\/types\/product"}],"replies":[{"embeddable":true,"href":"https:\/\/desenvolveaqui.com.br\/calandrav2\/wp-json\/wp\/v2\/comments?post=292"}],"wp:featuredmedia":[{"embeddable":true,"href":"https:\/\/desenvolveaqui.com.br\/calandrav2\/wp-json\/wp\/v2\/media\/293"}],"wp:attachment":[{"href":"https:\/\/desenvolveaqui.com.br\/calandrav2\/wp-json\/wp\/v2\/media?parent=292"}],"wp:term":[{"taxonomy":"product_brand","embeddable":true,"href":"https:\/\/desenvolveaqui.com.br\/calandrav2\/wp-json\/wp\/v2\/product_brand?post=292"},{"taxonomy":"product_cat","embeddable":true,"href":"https:\/\/desenvolveaqui.com.br\/calandrav2\/wp-json\/wp\/v2\/product_cat?post=292"},{"taxonomy":"product_tag","embeddable":true,"href":"https:\/\/desenvolveaqui.com.br\/calandrav2\/wp-json\/wp\/v2\/product_tag?post=292"}],"curies":[{"name":"wp","href":"https:\/\/api.w.org\/{rel}","templated":true}]}}