{"id":296,"date":"2026-03-11T21:25:27","date_gmt":"2026-03-12T00:25:27","guid":{"rendered":"https:\/\/desenvolveaqui.com.br\/calandrav2\/produto\/acrescimo-valor-motor-monofasica-1cv\/"},"modified":"2026-04-13T20:14:23","modified_gmt":"2026-04-13T23:14:23","slug":"acrescimo-valor-motor-monofasica-1cv","status":"publish","type":"product","link":"https:\/\/desenvolveaqui.com.br\/calandrav2\/produto\/acrescimo-valor-motor-monofasica-1cv\/","title":{"rendered":"Acrescimo valor motor monofasica 1cv"},"content":{"rendered":"<p>Essa \u00e9 apenas um acr\u00e9scimo de valor para quem est\u00e1 comprando uma m\u00e1quina padr\u00e3o trif\u00e1sico e precisa que seja monof\u00e1sica. Pois a motoriza\u00e7\u00e3o monof\u00e1sica \u00e9 um pouco mais cara que a trif\u00e1sica.<\/p>\n<p><span style=\"color: red\">FRETE POR CONTA DO COMPRADOR.<\/span><\/p>\n<p><strong>IMAGEM ILUSTRATIVA<\/strong><\/p>\n","protected":false},"excerpt":{"rendered":"<p>C\u00f3digo: 1685363872976<br \/>\nMarca: Casa da Calandra<br \/>\nModelo: Acrescimo valor motor bifasico 1cv<br \/>\nGarantia:\u00a0<strong>3 meses contra defeitos de fabrica\u00e7\u00e3o<br \/>\n<span style=\"color: red\">ATEN\u00c7\u00c3O: 5 \u00e0 15 dias \u00fateis para produ\u00e7\u00e3o e envio.<\/span><br \/>\n<\/strong><\/p>\n","protected":false},"featured_media":297,"comment_status":"open","ping_status":"closed","template":"","meta":[],"product_brand":[35],"product_cat":[26],"product_tag":[38],"class_list":{"0":"post-296","1":"product","2":"type-product","3":"status-publish","4":"has-post-thumbnail","6":"product_brand-casa-da-calandra","7":"product_cat-calandra-para-tubos-e-perfis","8":"product_tag-5-a-15-dias-uteis","10":"first","11":"onbackorder","12":"shipping-taxable","13":"purchasable","14":"product-type-simple"},"_links":{"self":[{"href":"https:\/\/desenvolveaqui.com.br\/calandrav2\/wp-json\/wp\/v2\/product\/296","targetHints":{"allow":["GET"]}}],"collection":[{"href":"https:\/\/desenvolveaqui.com.br\/calandrav2\/wp-json\/wp\/v2\/product"}],"about":[{"href":"https:\/\/desenvolveaqui.com.br\/calandrav2\/wp-json\/wp\/v2\/types\/product"}],"replies":[{"embeddable":true,"href":"https:\/\/desenvolveaqui.com.br\/calandrav2\/wp-json\/wp\/v2\/comments?post=296"}],"wp:featuredmedia":[{"embeddable":true,"href":"https:\/\/desenvolveaqui.com.br\/calandrav2\/wp-json\/wp\/v2\/media\/297"}],"wp:attachment":[{"href":"https:\/\/desenvolveaqui.com.br\/calandrav2\/wp-json\/wp\/v2\/media?parent=296"}],"wp:term":[{"taxonomy":"product_brand","embeddable":true,"href":"https:\/\/desenvolveaqui.com.br\/calandrav2\/wp-json\/wp\/v2\/product_brand?post=296"},{"taxonomy":"product_cat","embeddable":true,"href":"https:\/\/desenvolveaqui.com.br\/calandrav2\/wp-json\/wp\/v2\/product_cat?post=296"},{"taxonomy":"product_tag","embeddable":true,"href":"https:\/\/desenvolveaqui.com.br\/calandrav2\/wp-json\/wp\/v2\/product_tag?post=296"}],"curies":[{"name":"wp","href":"https:\/\/api.w.org\/{rel}","templated":true}]}}