{"id":298,"date":"2026-03-11T21:25:27","date_gmt":"2026-03-12T00:25:27","guid":{"rendered":"https:\/\/desenvolveaqui.com.br\/calandrav2\/produto\/motorizacao-para-calandras-de-chapas-da-casa-da-calandra\/"},"modified":"2026-04-13T20:14:22","modified_gmt":"2026-04-13T23:14:22","slug":"motorizacao-para-calandras-de-chapas-da-casa-da-calandra","status":"publish","type":"product","link":"https:\/\/desenvolveaqui.com.br\/calandrav2\/produto\/motorizacao-para-calandras-de-chapas-da-casa-da-calandra\/","title":{"rendered":"Motoriza\u00e7\u00e3o para Calandras de Chapas da Casa da Calandra"},"content":{"rendered":"<p>Conjunto de motoriza\u00e7\u00e3o completo para ser usado junto \u00e0s Calandras de Chapas da Casa da Calandra.<\/p>\n<p>Motor de 1CV Trif\u00e1sico.<\/p>\n<p>Reduzido por redutor e demais pe\u00e7as mec\u00e2nicas.<\/p>\n<p>Caso queira monof\u00e1sico entre em contato. Custa 350,00 a mais.<\/p>\n<p>Neste link se vende apenas a motoriza\u00e7\u00e3o separado da Calandra. \u00c9 necess\u00e1rio ter ou comprar uma calandra da Casa da Calandra tamb\u00e9m.<\/p>\n<p>Serve para todas as calandras de chapas da Casa da Calandra<\/p>\n<p><strong>N\u00e3o temos a pronta entrega.<\/strong><\/p>\n<p><span style=\"color: red\">FRETE POR CONTA DO COMPRADOR.<\/span><\/p>\n<p><strong>IMAGEM ILUSTRATIVA<\/strong><\/p>\n","protected":false},"excerpt":{"rendered":"<p>C\u00f3digo: 1476206071642<br \/>\nMarca: Casa da Calandra<br \/>\nModelo: CCHMT<br \/>\nGarantia:\u00a0<strong>3 meses contra defeitos de fabrica\u00e7\u00e3o<br \/>\n<span style=\"color: red\">ATEN\u00c7\u00c3O: 5 \u00e0 15 dias \u00fateis para produ\u00e7\u00e3o e envio.<\/span><br \/>\n<\/strong><\/p>\n","protected":false},"featured_media":299,"comment_status":"open","ping_status":"closed","template":"","meta":[],"product_brand":[35],"product_cat":[28],"product_tag":[38],"class_list":{"0":"post-298","1":"product","2":"type-product","3":"status-publish","4":"has-post-thumbnail","6":"product_brand-casa-da-calandra","7":"product_cat-calandra-para-chapas","8":"product_tag-5-a-15-dias-uteis","10":"first","11":"onbackorder","12":"shipping-taxable","13":"purchasable","14":"product-type-simple"},"_links":{"self":[{"href":"https:\/\/desenvolveaqui.com.br\/calandrav2\/wp-json\/wp\/v2\/product\/298","targetHints":{"allow":["GET"]}}],"collection":[{"href":"https:\/\/desenvolveaqui.com.br\/calandrav2\/wp-json\/wp\/v2\/product"}],"about":[{"href":"https:\/\/desenvolveaqui.com.br\/calandrav2\/wp-json\/wp\/v2\/types\/product"}],"replies":[{"embeddable":true,"href":"https:\/\/desenvolveaqui.com.br\/calandrav2\/wp-json\/wp\/v2\/comments?post=298"}],"wp:featuredmedia":[{"embeddable":true,"href":"https:\/\/desenvolveaqui.com.br\/calandrav2\/wp-json\/wp\/v2\/media\/299"}],"wp:attachment":[{"href":"https:\/\/desenvolveaqui.com.br\/calandrav2\/wp-json\/wp\/v2\/media?parent=298"}],"wp:term":[{"taxonomy":"product_brand","embeddable":true,"href":"https:\/\/desenvolveaqui.com.br\/calandrav2\/wp-json\/wp\/v2\/product_brand?post=298"},{"taxonomy":"product_cat","embeddable":true,"href":"https:\/\/desenvolveaqui.com.br\/calandrav2\/wp-json\/wp\/v2\/product_cat?post=298"},{"taxonomy":"product_tag","embeddable":true,"href":"https:\/\/desenvolveaqui.com.br\/calandrav2\/wp-json\/wp\/v2\/product_tag?post=298"}],"curies":[{"name":"wp","href":"https:\/\/api.w.org\/{rel}","templated":true}]}}