{"id":308,"date":"2026-03-11T21:25:30","date_gmt":"2026-03-12T00:25:30","guid":{"rendered":"https:\/\/desenvolveaqui.com.br\/calandrav2\/produto\/calandra-de-chapas-manual-de-2m-x-08mm-cchmn22\/"},"modified":"2026-04-13T20:14:18","modified_gmt":"2026-04-13T23:14:18","slug":"calandra-de-chapas-manual-de-2m-x-08mm-cchmn22","status":"publish","type":"product","link":"https:\/\/desenvolveaqui.com.br\/calandrav2\/produto\/calandra-de-chapas-manual-de-2m-x-08mm-cchmn22\/","title":{"rendered":"Calandra de Chapas Manual de 2m x 0,8mm CCHMN22"},"content":{"rendered":"<p>Calandra de Chapas Inicial com acionamento manual<\/p>\n<p><strong>\u00c1rea \u00fatil<br \/>\n<\/strong>&#8211; 2 metros (2000 mil\u00edmetros)<\/p>\n<p><strong>Espessuras m\u00e1ximas:<br \/>\n<\/strong>&#8211; 0,8mm (N.22) de chapas em a\u00e7o carbono 1020, galvanizada ou preta<br \/>\n&#8211; 0,4mm de chapa em a\u00e7o Inox.<\/p>\n<p><strong>Caracter\u00edsticas:<br \/>\n<\/strong>&#8211; Acompanha bancada de trabalho de altura padr\u00e3o 75cm.<br \/>\n&#8211; Eixo maci\u00e7o de 2,5&#8243; em a\u00e7o 1045.<br \/>\n&#8211; Sistema de movimenta\u00e7\u00e3o do eixo m\u00f3vel por gravidade. Muito mais durabilidade para seu equipamento.<\/p>\n<p><span style=\"color: red\">FRETE POR CONTA DO COMPRADOR.<\/span><\/p>\n<p><strong>IMAGEM ILUSTRATIVA<\/strong><\/p>\n","protected":false},"excerpt":{"rendered":"<p>C\u00f3digo: 1474048583319<br \/>\nMarca: Casa da Calandra<br \/>\nModelo: CCHMN22<br \/>\nGarantia:\u00a0<strong>3 meses contra defeitos de fabrica\u00e7\u00e3o<br \/>\n<span style=\"color: red\">ATEN\u00c7\u00c3O: 5 \u00e0 15 dias \u00fateis para produ\u00e7\u00e3o e envio.<\/span><br \/>\n<\/strong><\/p>\n","protected":false},"featured_media":309,"comment_status":"open","ping_status":"closed","template":"","meta":[],"product_brand":[35],"product_cat":[28],"product_tag":[38],"class_list":{"0":"post-308","1":"product","2":"type-product","3":"status-publish","4":"has-post-thumbnail","6":"product_brand-casa-da-calandra","7":"product_cat-calandra-para-chapas","8":"product_tag-5-a-15-dias-uteis","10":"first","11":"onbackorder","12":"shipping-taxable","13":"purchasable","14":"product-type-simple"},"_links":{"self":[{"href":"https:\/\/desenvolveaqui.com.br\/calandrav2\/wp-json\/wp\/v2\/product\/308","targetHints":{"allow":["GET"]}}],"collection":[{"href":"https:\/\/desenvolveaqui.com.br\/calandrav2\/wp-json\/wp\/v2\/product"}],"about":[{"href":"https:\/\/desenvolveaqui.com.br\/calandrav2\/wp-json\/wp\/v2\/types\/product"}],"replies":[{"embeddable":true,"href":"https:\/\/desenvolveaqui.com.br\/calandrav2\/wp-json\/wp\/v2\/comments?post=308"}],"wp:featuredmedia":[{"embeddable":true,"href":"https:\/\/desenvolveaqui.com.br\/calandrav2\/wp-json\/wp\/v2\/media\/309"}],"wp:attachment":[{"href":"https:\/\/desenvolveaqui.com.br\/calandrav2\/wp-json\/wp\/v2\/media?parent=308"}],"wp:term":[{"taxonomy":"product_brand","embeddable":true,"href":"https:\/\/desenvolveaqui.com.br\/calandrav2\/wp-json\/wp\/v2\/product_brand?post=308"},{"taxonomy":"product_cat","embeddable":true,"href":"https:\/\/desenvolveaqui.com.br\/calandrav2\/wp-json\/wp\/v2\/product_cat?post=308"},{"taxonomy":"product_tag","embeddable":true,"href":"https:\/\/desenvolveaqui.com.br\/calandrav2\/wp-json\/wp\/v2\/product_tag?post=308"}],"curies":[{"name":"wp","href":"https:\/\/api.w.org\/{rel}","templated":true}]}}