{"id":322,"date":"2026-03-11T21:25:33","date_gmt":"2026-03-12T00:25:33","guid":{"rendered":"https:\/\/desenvolveaqui.com.br\/calandrav2\/produto\/calandra-de-chapas-220mm-eixo-4\/"},"modified":"2026-04-13T20:14:11","modified_gmt":"2026-04-13T23:14:11","slug":"calandra-de-chapas-220mm-eixo-4","status":"publish","type":"product","link":"https:\/\/desenvolveaqui.com.br\/calandrav2\/produto\/calandra-de-chapas-220mm-eixo-4\/","title":{"rendered":"Calandra de Chapas 220mm (Eixo 4)"},"content":{"rendered":"<div>Calandra para chapas motorizada\u00a0 \u00e1rea \u00fatil 250mm ( eixo de 4&#8243; maci\u00e7o aco 1045) &#8211; 12600<\/div>\n<div>03 canais &#8211; 1350<\/div>\n<div>Espa\u00e7o para calandrar barra chata na horizontal 100mm X 4,76mm<\/div>\n<div><\/div>\n<div>Total 13950<\/div>\n<div><\/div>\n<div>Saldo de pagamento de um valor de R$ 13.950,00.<\/div>\n<p>&#8211; 3,5mm de\u00a0chapas em a\u00e7o carbono 1020, galvanizada ou preta<\/p>\n<p>&#8211; 1,75mm de chapa em a\u00e7o Inox.<\/p>\n<p><strong>Caracter\u00edsticas:<\/strong><\/p>\n<p>&#8211; Acompanha bancada de trabalho de altura padr\u00e3o 75cm.<\/p>\n<p>&#8211; Eixo maci\u00e7o de 4&#8243; em a\u00e7o 1045.<\/p>\n<p>&#8211; Sistema de movimenta\u00e7\u00e3o do eixo m\u00f3vel por gravidade. Muito mais durabilidade para seu equipamento.<\/p>\n<p><span style=\"color: red\">FRETE POR CONTA DO COMPRADOR.<\/span><\/p>\n<p><strong>IMAGEM ILUSTRATIVA<\/strong><\/p>\n","protected":false},"excerpt":{"rendered":"<p>C\u00f3digo:\u00a0<strong>1475264415349<\/strong><br \/>\nMarca:\u00a0<strong>Casa da Calandra<\/strong><br \/>\nModelo:\u00a0<strong>CCHMT11<\/strong><br \/>\nGarantia:\u00a0<strong>3 meses contra defeitos de fabrica\u00e7\u00e3o<br \/>\n<span style=\"color: red\">ATEN\u00c7\u00c3O: 5 a 15 dias \u00fateis para produ\u00e7\u00e3o e envio.<\/span><br \/>\n<\/strong><\/p>\n","protected":false},"featured_media":323,"comment_status":"open","ping_status":"closed","template":"","meta":[],"product_brand":[35],"product_cat":[28],"product_tag":[38],"class_list":{"0":"post-322","1":"product","2":"type-product","3":"status-publish","4":"has-post-thumbnail","6":"product_brand-casa-da-calandra","7":"product_cat-calandra-para-chapas","8":"product_tag-5-a-15-dias-uteis","10":"first","11":"onbackorder","12":"shipping-taxable","13":"purchasable","14":"product-type-simple"},"_links":{"self":[{"href":"https:\/\/desenvolveaqui.com.br\/calandrav2\/wp-json\/wp\/v2\/product\/322","targetHints":{"allow":["GET"]}}],"collection":[{"href":"https:\/\/desenvolveaqui.com.br\/calandrav2\/wp-json\/wp\/v2\/product"}],"about":[{"href":"https:\/\/desenvolveaqui.com.br\/calandrav2\/wp-json\/wp\/v2\/types\/product"}],"replies":[{"embeddable":true,"href":"https:\/\/desenvolveaqui.com.br\/calandrav2\/wp-json\/wp\/v2\/comments?post=322"}],"wp:featuredmedia":[{"embeddable":true,"href":"https:\/\/desenvolveaqui.com.br\/calandrav2\/wp-json\/wp\/v2\/media\/323"}],"wp:attachment":[{"href":"https:\/\/desenvolveaqui.com.br\/calandrav2\/wp-json\/wp\/v2\/media?parent=322"}],"wp:term":[{"taxonomy":"product_brand","embeddable":true,"href":"https:\/\/desenvolveaqui.com.br\/calandrav2\/wp-json\/wp\/v2\/product_brand?post=322"},{"taxonomy":"product_cat","embeddable":true,"href":"https:\/\/desenvolveaqui.com.br\/calandrav2\/wp-json\/wp\/v2\/product_cat?post=322"},{"taxonomy":"product_tag","embeddable":true,"href":"https:\/\/desenvolveaqui.com.br\/calandrav2\/wp-json\/wp\/v2\/product_tag?post=322"}],"curies":[{"name":"wp","href":"https:\/\/api.w.org\/{rel}","templated":true}]}}