{"id":35,"date":"2026-03-06T20:16:16","date_gmt":"2026-03-06T23:16:16","guid":{"rendered":"https:\/\/desenvolveaqui.com.br\/calandrav2\/?post_type=product&#038;p=35"},"modified":"2026-04-13T19:33:05","modified_gmt":"2026-04-13T22:33:05","slug":"calandra-de-perfil-w30","status":"publish","type":"product","link":"https:\/\/desenvolveaqui.com.br\/calandrav2\/produto\/calandra-de-perfil-w30\/","title":{"rendered":"Calandra de Perfil W30"},"content":{"rendered":"<h3>Descri\u00e7\u00e3o do Produto<\/h3>\n<p>A Calandra de Perfil W30 \u00e9 ideal para trabalhos de m\u00e9dia intensidade em serralherias e ind\u00fastrias.<\/p>\n<ul>\n<li>Capacidade: Tubos at\u00e9 2 polegadas<\/li>\n<li>Motor: 3CV Trif\u00e1sico<\/li>\n<li>Acionamento: Pedal el\u00e9trico<\/li>\n<\/ul>\n","protected":false},"excerpt":{"rendered":"<p>Calandra de perfil W30 para tubos de at\u00e9 2 polegadas, motor 3CV.<\/p>\n","protected":false},"featured_media":0,"comment_status":"open","ping_status":"closed","template":"","meta":[],"product_brand":[35],"product_cat":[26],"product_tag":[38],"class_list":{"0":"post-35","1":"product","2":"type-product","3":"status-publish","5":"product_brand-casa-da-calandra","6":"product_cat-calandra-para-tubos-e-perfis","7":"product_tag-5-a-15-dias-uteis","9":"first","10":"onbackorder","11":"shipping-taxable","12":"product-type-simple"},"_links":{"self":[{"href":"https:\/\/desenvolveaqui.com.br\/calandrav2\/wp-json\/wp\/v2\/product\/35","targetHints":{"allow":["GET"]}}],"collection":[{"href":"https:\/\/desenvolveaqui.com.br\/calandrav2\/wp-json\/wp\/v2\/product"}],"about":[{"href":"https:\/\/desenvolveaqui.com.br\/calandrav2\/wp-json\/wp\/v2\/types\/product"}],"replies":[{"embeddable":true,"href":"https:\/\/desenvolveaqui.com.br\/calandrav2\/wp-json\/wp\/v2\/comments?post=35"}],"wp:attachment":[{"href":"https:\/\/desenvolveaqui.com.br\/calandrav2\/wp-json\/wp\/v2\/media?parent=35"}],"wp:term":[{"taxonomy":"product_brand","embeddable":true,"href":"https:\/\/desenvolveaqui.com.br\/calandrav2\/wp-json\/wp\/v2\/product_brand?post=35"},{"taxonomy":"product_cat","embeddable":true,"href":"https:\/\/desenvolveaqui.com.br\/calandrav2\/wp-json\/wp\/v2\/product_cat?post=35"},{"taxonomy":"product_tag","embeddable":true,"href":"https:\/\/desenvolveaqui.com.br\/calandrav2\/wp-json\/wp\/v2\/product_tag?post=35"}],"curies":[{"name":"wp","href":"https:\/\/api.w.org\/{rel}","templated":true}]}}