{"id":796,"date":"2025-07-21T14:42:41","date_gmt":"2025-07-21T17:42:41","guid":{"rendered":"https:\/\/desenvolveaqui.com.br\/donamarta\/?page_id=796"},"modified":"2025-07-22T09:09:22","modified_gmt":"2025-07-22T12:09:22","slug":"atracoes-da-regiao","status":"publish","type":"page","link":"https:\/\/desenvolveaqui.com.br\/donamarta\/atracoes-da-regiao\/","title":{"rendered":"Atra\u00e7\u00f5es da Regi\u00e3o"},"content":{"rendered":"\t\t<div data-elementor-type=\"wp-page\" data-elementor-id=\"796\" class=\"elementor elementor-796\" data-elementor-post-type=\"page\">\n\t\t\t\t<div class=\"elementor-element elementor-element-a012d6 e-flex e-con-boxed e-con e-parent\" data-id=\"a012d6\" data-element_type=\"container\" data-settings=\"{&quot;background_background&quot;:&quot;classic&quot;}\">\n\t\t\t\t\t<div class=\"e-con-inner\">\n\t\t\t\t<div class=\"elementor-element elementor-element-61bf7ead animated-slow elementor-invisible elementor-widget elementor-widget-heading\" data-id=\"61bf7ead\" data-element_type=\"widget\" data-settings=\"{&quot;_animation&quot;:&quot;fadeInLeft&quot;,&quot;_animation_delay&quot;:200}\" data-widget_type=\"heading.default\">\n\t\t\t\t\t<h1 class=\"elementor-heading-title elementor-size-default\">Atra\u00e7\u00f5es da Regi\u00e3o<\/h1>\t\t\t\t<\/div>\n\t\t\t\t<div class=\"elementor-element elementor-element-512a5485 elementor-icon-list--layout-inline animated-slow elementor-list-item-link-full_width elementor-invisible elementor-widget elementor-widget-icon-list\" data-id=\"512a5485\" data-element_type=\"widget\" data-settings=\"{&quot;_animation&quot;:&quot;fadeInLeft&quot;,&quot;_animation_mobile&quot;:&quot;none&quot;}\" data-widget_type=\"icon-list.default\">\n\t\t\t\t\t\t\t<ul class=\"elementor-icon-list-items elementor-inline-items\">\n\t\t\t\t\t\t\t<li class=\"elementor-icon-list-item elementor-inline-item\">\n\t\t\t\t\t\t\t\t\t\t\t<a href=\"https:\/\/desenvolveaqui.com.br\/donamarta\/\">\n\n\t\t\t\t\t\t\t\t\t\t\t<span class=\"elementor-icon-list-text\">Home<\/span>\n\t\t\t\t\t\t\t\t\t\t\t<\/a>\n\t\t\t\t\t\t\t\t\t<\/li>\n\t\t\t\t\t\t\t\t<li class=\"elementor-icon-list-item elementor-inline-item\">\n\t\t\t\t\t\t\t\t\t\t\t<a href=\"https:\/\/desenvolveaqui.com.br\/donamarta\/atracoes-da-regiao\/\">\n\n\t\t\t\t\t\t\t\t\t\t\t\t<span class=\"elementor-icon-list-icon\">\n\t\t\t\t\t\t\t<i aria-hidden=\"true\" class=\"icon icon-right-arrow\"><\/i>\t\t\t\t\t\t<\/span>\n\t\t\t\t\t\t\t\t\t\t<span class=\"elementor-icon-list-text\">Atra\u00e7\u00f5es<\/span>\n\t\t\t\t\t\t\t\t\t\t\t<\/a>\n\t\t\t\t\t\t\t\t\t<\/li>\n\t\t\t\t\t\t<\/ul>\n\t\t\t\t\t\t<\/div>\n\t\t\t\t\t<\/div>\n\t\t\t\t<\/div>\n\t\t<div class=\"elementor-element elementor-element-436d2ff9 e-flex e-con-boxed e-con e-parent\" data-id=\"436d2ff9\" data-element_type=\"container\">\n\t\t\t\t\t<div class=\"e-con-inner\">\n\t\t<div class=\"elementor-element elementor-element-2ff79e4 e-con-full animated-slow e-flex elementor-invisible e-con e-child\" data-id=\"2ff79e4\" data-element_type=\"container\" data-settings=\"{&quot;animation&quot;:&quot;fadeInLeft&quot;}\">\n\t\t<div class=\"elementor-element elementor-element-76170703 e-con-full e-flex e-con e-child\" data-id=\"76170703\" data-element_type=\"container\">\n\t\t\t\t<div class=\"elementor-element elementor-element-5a790519 elementor-widget elementor-widget-heading\" data-id=\"5a790519\" data-element_type=\"widget\" data-widget_type=\"heading.default\">\n\t\t\t\t\t<h2 class=\"elementor-heading-title elementor-size-default\">Atra\u00e7\u00f5es Tur\u00edsticas<\/h2>\t\t\t\t<\/div>\n\t\t\t\t<div class=\"elementor-element elementor-element-16d2acab elementor-widget elementor-widget-heading\" data-id=\"16d2acab\" data-element_type=\"widget\" data-widget_type=\"heading.default\">\n\t\t\t\t\t<h2 class=\"elementor-heading-title elementor-size-default\">Atra\u00e7\u00f5es na Pinheira e Regi\u00e3o<\/h2>\t\t\t\t<\/div>\n\t\t\t\t<div class=\"elementor-element elementor-element-3b54ad81 elementor-widget__width-initial elementor-widget elementor-widget-text-editor\" data-id=\"3b54ad81\" data-element_type=\"widget\" data-widget_type=\"text-editor.default\">\n\t\t\t\t\t\t\t\t\t<p>A Praia da Pinheira \u00e9 conhecida por suas belezas naturais, trilhas ecol\u00f3gicas e clima familiar. Al\u00e9m de curtir a praia, h\u00e1 muito o que explorar nos arredores. Separamos algumas sugest\u00f5es imperd\u00edveis para a sua estadia:<\/p>\t\t\t\t\t\t\t\t<\/div>\n\t\t\t\t<\/div>\n\t\t\t\t<\/div>\n\t\t<div class=\"elementor-element elementor-element-1bd2141f e-con-full e-flex e-con e-child\" data-id=\"1bd2141f\" data-element_type=\"container\">\n\t\t<div class=\"elementor-element elementor-element-2a05027 e-con-full e-flex e-con e-child\" data-id=\"2a05027\" data-element_type=\"container\">\n\t\t<div class=\"elementor-element elementor-element-2bda8779 animated-slow e-con-full e-flex elementor-invisible e-con e-child\" data-id=\"2bda8779\" data-element_type=\"container\" data-settings=\"{&quot;background_background&quot;:&quot;classic&quot;,&quot;animation&quot;:&quot;fadeInRight&quot;}\">\n\t\t\t\t<\/div>\n\t\t<div class=\"elementor-element elementor-element-39f9f294 animated-slow e-con-full e-flex elementor-invisible e-con e-child\" data-id=\"39f9f294\" data-element_type=\"container\" data-settings=\"{&quot;animation&quot;:&quot;fadeInRight&quot;}\">\n\t\t\t\t<div class=\"elementor-element elementor-element-353f367e elementor-widget elementor-widget-heading\" data-id=\"353f367e\" data-element_type=\"widget\" data-widget_type=\"heading.default\">\n\t\t\t\t\t<h2 class=\"elementor-heading-title elementor-size-default\">Praia da Pinheira<\/h2>\t\t\t\t<\/div>\n\t\t\t\t<div class=\"elementor-element elementor-element-17565a7 elementor-widget elementor-widget-text-editor\" data-id=\"17565a7\" data-element_type=\"widget\" data-widget_type=\"text-editor.default\">\n\t\t\t\t\t\t\t\t\t<p>Uma das praias mais tranquilas do litoral Sul de SC, com \u00e1guas calmas e cristalinas, perfeita para fam\u00edlias com crian\u00e7as. Cercada por mata atl\u00e2ntica e cost\u00f5es preservados, oferece infraestrutura local (bares, com\u00e9rcio, mercados) dentro de um entorno natural protegida.<\/p>\t\t\t\t\t\t\t\t<\/div>\n\t\t\t\t<\/div>\n\t\t\t\t<\/div>\n\t\t<div class=\"elementor-element elementor-element-27c43322 e-con-full e-flex e-con e-child\" data-id=\"27c43322\" data-element_type=\"container\">\n\t\t<div class=\"elementor-element elementor-element-e09c554 animated-slow e-con-full e-flex elementor-invisible e-con e-child\" data-id=\"e09c554\" data-element_type=\"container\" data-settings=\"{&quot;background_background&quot;:&quot;classic&quot;,&quot;animation&quot;:&quot;fadeInRight&quot;}\">\n\t\t\t\t<\/div>\n\t\t<div class=\"elementor-element elementor-element-7267c09a animated-slow e-con-full e-flex elementor-invisible e-con e-child\" data-id=\"7267c09a\" data-element_type=\"container\" data-settings=\"{&quot;animation&quot;:&quot;fadeInRight&quot;}\">\n\t\t\t\t<div class=\"elementor-element elementor-element-4c0c19eb elementor-widget elementor-widget-heading\" data-id=\"4c0c19eb\" data-element_type=\"widget\" data-widget_type=\"heading.default\">\n\t\t\t\t\t<h2 class=\"elementor-heading-title elementor-size-default\">Observa\u00e7\u00e3o de Baleias<\/h2>\t\t\t\t<\/div>\n\t\t\t\t<div class=\"elementor-element elementor-element-d79ce11 elementor-widget elementor-widget-text-editor\" data-id=\"d79ce11\" data-element_type=\"widget\" data-widget_type=\"text-editor.default\">\n\t\t\t\t\t\t\t\t\t<p>Entre julho e novembro, \u00e9 poss\u00edvel avistar as imponentes baleias-francas em seu habitat natural, bem pr\u00f3ximas \u00e0 costa da Pinheira. Uma experi\u00eancia emocionante e educativa, com passeios conduzidos por guias especializados.<\/p>\t\t\t\t\t\t\t\t<\/div>\n\t\t\t\t<\/div>\n\t\t\t\t<\/div>\n\t\t<div class=\"elementor-element elementor-element-3531c4be e-con-full e-flex e-con e-child\" data-id=\"3531c4be\" data-element_type=\"container\">\n\t\t<div class=\"elementor-element elementor-element-57983fd0 animated-slow e-con-full e-flex elementor-invisible e-con e-child\" data-id=\"57983fd0\" data-element_type=\"container\" data-settings=\"{&quot;background_background&quot;:&quot;classic&quot;,&quot;animation&quot;:&quot;fadeInRight&quot;}\">\n\t\t\t\t<\/div>\n\t\t<div class=\"elementor-element elementor-element-1a887cf animated-slow e-con-full e-flex elementor-invisible e-con e-child\" data-id=\"1a887cf\" data-element_type=\"container\" data-settings=\"{&quot;animation&quot;:&quot;fadeInRight&quot;}\">\n\t\t\t\t<div class=\"elementor-element elementor-element-23686574 elementor-widget elementor-widget-heading\" data-id=\"23686574\" data-element_type=\"widget\" data-widget_type=\"heading.default\">\n\t\t\t\t\t<h2 class=\"elementor-heading-title elementor-size-default\">Pesca da Tainha<\/h2>\t\t\t\t<\/div>\n\t\t\t\t<div class=\"elementor-element elementor-element-1f46a0c4 elementor-widget elementor-widget-text-editor\" data-id=\"1f46a0c4\" data-element_type=\"widget\" data-widget_type=\"text-editor.default\">\n\t\t\t\t\t\t\t\t\t<p>De maio a julho, a tradicional pesca artesanal da tainha movimenta a comunidade e encanta visitantes. \u00c9 um espet\u00e1culo cultural \u00e0 parte, com redes puxadas na areia e muito sabor nas receitas t\u00edpicas.<\/p>\t\t\t\t\t\t\t\t<\/div>\n\t\t\t\t<\/div>\n\t\t\t\t<\/div>\n\t\t\t\t<\/div>\n\t\t<div class=\"elementor-element elementor-element-03ae6ca e-con-full e-flex e-con e-child\" data-id=\"03ae6ca\" data-element_type=\"container\">\n\t\t<div class=\"elementor-element elementor-element-19a1946 e-con-full e-flex e-con e-child\" data-id=\"19a1946\" data-element_type=\"container\">\n\t\t\t\t<\/div>\n\t\t<div class=\"elementor-element elementor-element-d74d110 e-con-full e-flex e-con e-child\" data-id=\"d74d110\" data-element_type=\"container\">\n\t\t<div class=\"elementor-element elementor-element-091bfff animated-slow e-con-full e-flex elementor-invisible e-con e-child\" data-id=\"091bfff\" data-element_type=\"container\" data-settings=\"{&quot;background_background&quot;:&quot;classic&quot;,&quot;animation&quot;:&quot;fadeInRight&quot;}\">\n\t\t\t\t<\/div>\n\t\t<div class=\"elementor-element elementor-element-2ded680 animated-slow e-con-full e-flex elementor-invisible e-con e-child\" data-id=\"2ded680\" data-element_type=\"container\" data-settings=\"{&quot;animation&quot;:&quot;fadeInRight&quot;}\">\n\t\t\t\t<div class=\"elementor-element elementor-element-71c82ef elementor-widget elementor-widget-heading\" data-id=\"71c82ef\" data-element_type=\"widget\" data-widget_type=\"heading.default\">\n\t\t\t\t\t<h2 class=\"elementor-heading-title elementor-size-default\">Trilhas Ecol\u00f3gicas<\/h2>\t\t\t\t<\/div>\n\t\t\t\t<div class=\"elementor-element elementor-element-9ff5518 elementor-widget elementor-widget-text-editor\" data-id=\"9ff5518\" data-element_type=\"widget\" data-widget_type=\"text-editor.default\">\n\t\t\t\t\t\t\t\t\t<p>A regi\u00e3o oferece trilhas de diferentes n\u00edveis, todas cercadas pela Mata Atl\u00e2ntica. Caminhos levam a mirantes, praias desertas e paisagens de tirar o f\u00f4lego \u2014 uma \u00f3tima op\u00e7\u00e3o para quem ama natureza e aventura.<\/p>\t\t\t\t\t\t\t\t<\/div>\n\t\t\t\t<\/div>\n\t\t\t\t<\/div>\n\t\t<div class=\"elementor-element elementor-element-03a5bc6 e-con-full e-flex e-con e-child\" data-id=\"03a5bc6\" data-element_type=\"container\">\n\t\t<div class=\"elementor-element elementor-element-f7e983d animated-slow e-con-full e-flex elementor-invisible e-con e-child\" data-id=\"f7e983d\" data-element_type=\"container\" data-settings=\"{&quot;background_background&quot;:&quot;classic&quot;,&quot;animation&quot;:&quot;fadeInRight&quot;}\">\n\t\t\t\t<\/div>\n\t\t<div class=\"elementor-element elementor-element-2daf091 animated-slow e-con-full e-flex elementor-invisible e-con e-child\" data-id=\"2daf091\" data-element_type=\"container\" data-settings=\"{&quot;animation&quot;:&quot;fadeInRight&quot;}\">\n\t\t\t\t<div class=\"elementor-element elementor-element-580d994 elementor-widget elementor-widget-heading\" data-id=\"580d994\" data-element_type=\"widget\" data-widget_type=\"heading.default\">\n\t\t\t\t\t<h2 class=\"elementor-heading-title elementor-size-default\">Passeios de Barco<\/h2>\t\t\t\t<\/div>\n\t\t\t\t<div class=\"elementor-element elementor-element-fe11512 elementor-widget elementor-widget-text-editor\" data-id=\"fe11512\" data-element_type=\"widget\" data-widget_type=\"text-editor.default\">\n\t\t\t\t\t\t\t\t\t<p>Explore ilhas, cost\u00f5es e ba\u00edas em passeios de barco que revelam uma nova perspectiva do litoral. H\u00e1 roteiros com snorkeling, pesca esportiva e at\u00e9 op\u00e7\u00f5es rom\u00e2nticas ao p\u00f4r do sol.<\/p>\t\t\t\t\t\t\t\t<\/div>\n\t\t\t\t<\/div>\n\t\t\t\t<\/div>\n\t\t<div class=\"elementor-element elementor-element-2b428ce e-con-full e-flex e-con e-child\" data-id=\"2b428ce\" data-element_type=\"container\">\n\t\t<div class=\"elementor-element elementor-element-474db51 animated-slow e-con-full e-flex elementor-invisible e-con e-child\" data-id=\"474db51\" data-element_type=\"container\" data-settings=\"{&quot;background_background&quot;:&quot;classic&quot;,&quot;animation&quot;:&quot;fadeInRight&quot;}\">\n\t\t\t\t<\/div>\n\t\t<div class=\"elementor-element elementor-element-ee93890 animated-slow e-con-full e-flex elementor-invisible e-con e-child\" data-id=\"ee93890\" data-element_type=\"container\" data-settings=\"{&quot;animation&quot;:&quot;fadeInRight&quot;}\">\n\t\t\t\t<div class=\"elementor-element elementor-element-024cc15 elementor-widget elementor-widget-heading\" data-id=\"024cc15\" data-element_type=\"widget\" data-widget_type=\"heading.default\">\n\t\t\t\t\t<h2 class=\"elementor-heading-title elementor-size-default\">Vida Noturna<\/h2>\t\t\t\t<\/div>\n\t\t\t\t<div class=\"elementor-element elementor-element-f84a462 elementor-widget elementor-widget-text-editor\" data-id=\"f84a462\" data-element_type=\"widget\" data-widget_type=\"text-editor.default\">\n\t\t\t\t\t\t\t\t\t<p>Aproveite bares e restaurantes com m\u00fasica ao vivo, frutos do mar frescos e drinks especiais. A Pinheira oferece noites tranquilas e animadas na medida certa, tudo pertinho da pousada.<\/p>\t\t\t\t\t\t\t\t<\/div>\n\t\t\t\t<\/div>\n\t\t\t\t<\/div>\n\t\t\t\t<\/div>\n\t\t\t\t\t<\/div>\n\t\t\t\t<\/div>\n\t\t\t\t<\/div>\n\t\t","protected":false},"excerpt":{"rendered":"<p>Home Atra\u00e7\u00f5es Atra\u00e7\u00f5es Tur\u00edsticas Atra\u00e7\u00f5es na Pinheira e Regi\u00e3o A Praia da Pinheira \u00e9 conhecida por suas belezas naturais, trilhas ecol\u00f3gicas e clima familiar. Al\u00e9m de curtir a praia, h\u00e1 muito o que explorar nos arredores. Separamos algumas sugest\u00f5es imperd\u00edveis para a sua estadia: Praia da Pinheira Uma das praias mais tranquilas do litoral Sul [&hellip;]<\/p>\n","protected":false},"author":1,"featured_media":0,"parent":0,"menu_order":0,"comment_status":"closed","ping_status":"closed","template":"elementor_header_footer","meta":{"footnotes":""},"class_list":["post-796","page","type-page","status-publish","hentry"],"_links":{"self":[{"href":"https:\/\/desenvolveaqui.com.br\/donamarta\/wp-json\/wp\/v2\/pages\/796","targetHints":{"allow":["GET"]}}],"collection":[{"href":"https:\/\/desenvolveaqui.com.br\/donamarta\/wp-json\/wp\/v2\/pages"}],"about":[{"href":"https:\/\/desenvolveaqui.com.br\/donamarta\/wp-json\/wp\/v2\/types\/page"}],"author":[{"embeddable":true,"href":"https:\/\/desenvolveaqui.com.br\/donamarta\/wp-json\/wp\/v2\/users\/1"}],"replies":[{"embeddable":true,"href":"https:\/\/desenvolveaqui.com.br\/donamarta\/wp-json\/wp\/v2\/comments?post=796"}],"version-history":[{"count":49,"href":"https:\/\/desenvolveaqui.com.br\/donamarta\/wp-json\/wp\/v2\/pages\/796\/revisions"}],"predecessor-version":[{"id":854,"href":"https:\/\/desenvolveaqui.com.br\/donamarta\/wp-json\/wp\/v2\/pages\/796\/revisions\/854"}],"wp:attachment":[{"href":"https:\/\/desenvolveaqui.com.br\/donamarta\/wp-json\/wp\/v2\/media?parent=796"}],"curies":[{"name":"wp","href":"https:\/\/api.w.org\/{rel}","templated":true}]}}